{"id":1262,"date":"2019-06-17T11:39:19","date_gmt":"2019-06-17T11:39:19","guid":{"rendered":"https:\/\/seifen-oper.ch\/?product=de-wahnsinn-fusspeeling"},"modified":"2026-02-09T08:31:32","modified_gmt":"2026-02-09T07:31:32","slug":"de-wahnsinn-fusspeeling","status":"publish","type":"product","link":"https:\/\/seifen-oper.ch\/?product=de-wahnsinn-fusspeeling","title":{"rendered":"\u201eDe Wahnsinn!\u201c -Fusspeeling"},"content":{"rendered":"<p class=\"p1\" style=\"text-align: center;\">&#171;De Wahnsinn&#187; reinigt die F\u00fcsse gr\u00fcndlich und entfernt die Hornhaut mit Salzkristallen. \u00c4therisches Pfefferminz und Eukalyptus\u00f6l k\u00fchlt und erfrischt sie. Feinste Kokosbutter pflegt und befeuchtet die strapazierte Haut und macht sie geschmeidig. Und ein Hauch Melonenduft l\u00e4sst die F\u00fcsse unglaublich gut duften. Und das alles in einem!! Wo gibts denn sowas werden Sie sich jetzt fragen??!!! HA! Nat\u00fcrlich in der Seifen Oper! \ud83d\ude09<\/p>\n<p style=\"text-align: center;\">100g \/ Sfr. 17.-<\/p>\n<p class=\"p1\" style=\"text-align: center;\">INCI (Inhaltsstoffe): Glycerine, Maris Sal (Meersalz), Cocos nucifera (Kokos\u00f6l), Sodium Laureth Sulfate, Mentha Arvensis Leaf Oil (\u00e4th. Minz\u00f6l), Eucalyptus Globulus Leaf Oil (\u00e4th. Eukalyptus\u00f6l), Parf\u00fcm, E122 (rotes Farbpigment)<\/p>\n<p style=\"text-align: center;\">\n","protected":false},"excerpt":{"rendered":"<p>Minze-Melone-Salzpeeling -entfernt Hornhaut, reinigt gr\u00fcndlich, pflegt, erfrischt und k\u00fchlt heisse F\u00fcsse.<\/p>\n","protected":false},"featured_media":1526,"template":"","meta":[],"product_brand":[],"product_cat":[681,28],"product_tag":[],"class_list":{"0":"post-1262","1":"product","2":"type-product","3":"status-publish","4":"has-post-thumbnail","6":"product_cat-fruehling","7":"product_cat-handefussedeo","9":"first","10":"instock","11":"shipping-taxable","12":"purchasable","13":"product-type-simple"},"yoast_head":"<!-- This site is optimized with the Yoast SEO plugin v25.6 - https:\/\/yoast.com\/wordpress\/plugins\/seo\/ -->\n<title>\u201eDe Wahnsinn!\u201c -Fusspeeling - Seifen Oper GmbH<\/title>\n<meta name=\"robots\" content=\"index, follow, max-snippet:-1, max-image-preview:large, max-video-preview:-1\" \/>\n<link rel=\"canonical\" href=\"https:\/\/seifen-oper.ch\/?product=de-wahnsinn-fusspeeling\" \/>\n<meta property=\"og:locale\" content=\"de_DE\" \/>\n<meta property=\"og:type\" content=\"article\" \/>\n<meta property=\"og:title\" content=\"\u201eDe Wahnsinn!\u201c -Fusspeeling - Seifen Oper GmbH\" \/>\n<meta property=\"og:description\" content=\"Minze-Melone-Salzpeeling -entfernt Hornhaut, reinigt gr\u00fcndlich, pflegt, erfrischt und k\u00fchlt heisse F\u00fcsse.\" \/>\n<meta property=\"og:url\" content=\"https:\/\/seifen-oper.ch\/?product=de-wahnsinn-fusspeeling\" \/>\n<meta property=\"og:site_name\" content=\"Seifen Oper GmbH\" \/>\n<meta property=\"article:publisher\" content=\"https:\/\/www.facebook.com\/SeifenOperGmbH\" \/>\n<meta property=\"article:modified_time\" content=\"2026-02-09T07:31:32+00:00\" \/>\n<meta property=\"og:image\" content=\"https:\/\/seifen-oper.ch\/wp-content\/uploads\/2019\/06\/de-wahnsinn-e1566247474875.png\" \/>\n\t<meta property=\"og:image:width\" content=\"500\" \/>\n\t<meta property=\"og:image:height\" content=\"458\" \/>\n\t<meta property=\"og:image:type\" content=\"image\/png\" \/>\n<meta name=\"twitter:card\" content=\"summary_large_image\" \/>\n<meta name=\"twitter:label1\" content=\"Gesch\u00e4tzte Lesezeit\" \/>\n\t<meta name=\"twitter:data1\" content=\"1 Minute\" \/>\n<script type=\"application\/ld+json\" class=\"yoast-schema-graph\">{\"@context\":\"https:\/\/schema.org\",\"@graph\":[{\"@type\":\"WebPage\",\"@id\":\"https:\/\/seifen-oper.ch\/?product=de-wahnsinn-fusspeeling\",\"url\":\"https:\/\/seifen-oper.ch\/?product=de-wahnsinn-fusspeeling\",\"name\":\"\u201eDe Wahnsinn!\u201c -Fusspeeling - Seifen Oper GmbH\",\"isPartOf\":{\"@id\":\"https:\/\/seifen-oper.ch\/#website\"},\"primaryImageOfPage\":{\"@id\":\"https:\/\/seifen-oper.ch\/?product=de-wahnsinn-fusspeeling#primaryimage\"},\"image\":{\"@id\":\"https:\/\/seifen-oper.ch\/?product=de-wahnsinn-fusspeeling#primaryimage\"},\"thumbnailUrl\":\"https:\/\/seifen-oper.ch\/wp-content\/uploads\/2019\/06\/de-wahnsinn-e1566247474875.png\",\"datePublished\":\"2019-06-17T11:39:19+00:00\",\"dateModified\":\"2026-02-09T07:31:32+00:00\",\"breadcrumb\":{\"@id\":\"https:\/\/seifen-oper.ch\/?product=de-wahnsinn-fusspeeling#breadcrumb\"},\"inLanguage\":\"de-CH\",\"potentialAction\":[{\"@type\":\"ReadAction\",\"target\":[\"https:\/\/seifen-oper.ch\/?product=de-wahnsinn-fusspeeling\"]}]},{\"@type\":\"ImageObject\",\"inLanguage\":\"de-CH\",\"@id\":\"https:\/\/seifen-oper.ch\/?product=de-wahnsinn-fusspeeling#primaryimage\",\"url\":\"https:\/\/seifen-oper.ch\/wp-content\/uploads\/2019\/06\/de-wahnsinn-e1566247474875.png\",\"contentUrl\":\"https:\/\/seifen-oper.ch\/wp-content\/uploads\/2019\/06\/de-wahnsinn-e1566247474875.png\",\"width\":500,\"height\":458},{\"@type\":\"BreadcrumbList\",\"@id\":\"https:\/\/seifen-oper.ch\/?product=de-wahnsinn-fusspeeling#breadcrumb\",\"itemListElement\":[{\"@type\":\"ListItem\",\"position\":1,\"name\":\"Home\",\"item\":\"https:\/\/seifen-oper.ch\/\"},{\"@type\":\"ListItem\",\"position\":2,\"name\":\"Shop\",\"item\":\"https:\/\/seifen-oper.ch\/?page_id=12\"},{\"@type\":\"ListItem\",\"position\":3,\"name\":\"\u201eDe Wahnsinn!\u201c -Fusspeeling\"}]},{\"@type\":\"WebSite\",\"@id\":\"https:\/\/seifen-oper.ch\/#website\",\"url\":\"https:\/\/seifen-oper.ch\/\",\"name\":\"Seifen Oper GmbH\",\"description\":\"Kosmetik bester Qualit\u00e4t. Handgefertigt.\",\"publisher\":{\"@id\":\"https:\/\/seifen-oper.ch\/#organization\"},\"potentialAction\":[{\"@type\":\"SearchAction\",\"target\":{\"@type\":\"EntryPoint\",\"urlTemplate\":\"https:\/\/seifen-oper.ch\/?s={search_term_string}\"},\"query-input\":{\"@type\":\"PropertyValueSpecification\",\"valueRequired\":true,\"valueName\":\"search_term_string\"}}],\"inLanguage\":\"de-CH\"},{\"@type\":\"Organization\",\"@id\":\"https:\/\/seifen-oper.ch\/#organization\",\"name\":\"Seifen Oper GmbH\",\"url\":\"https:\/\/seifen-oper.ch\/\",\"logo\":{\"@type\":\"ImageObject\",\"inLanguage\":\"de-CH\",\"@id\":\"https:\/\/seifen-oper.ch\/#\/schema\/logo\/image\/\",\"url\":\"https:\/\/seifen-oper.ch\/wp-content\/uploads\/2019\/06\/logo.seifen-oper450.txt.1.png\",\"contentUrl\":\"https:\/\/seifen-oper.ch\/wp-content\/uploads\/2019\/06\/logo.seifen-oper450.txt.1.png\",\"width\":1835,\"height\":1635,\"caption\":\"Seifen Oper GmbH\"},\"image\":{\"@id\":\"https:\/\/seifen-oper.ch\/#\/schema\/logo\/image\/\"},\"sameAs\":[\"https:\/\/www.facebook.com\/SeifenOperGmbH\",\"https:\/\/www.instagram.com\/explore\/locations\/1028758197\/seifen-oper\/\"]}]}<\/script>\n<!-- \/ Yoast SEO plugin. -->","yoast_head_json":{"title":"\u201eDe Wahnsinn!\u201c -Fusspeeling - Seifen Oper GmbH","robots":{"index":"index","follow":"follow","max-snippet":"max-snippet:-1","max-image-preview":"max-image-preview:large","max-video-preview":"max-video-preview:-1"},"canonical":"https:\/\/seifen-oper.ch\/?product=de-wahnsinn-fusspeeling","og_locale":"de_DE","og_type":"article","og_title":"\u201eDe Wahnsinn!\u201c -Fusspeeling - Seifen Oper GmbH","og_description":"Minze-Melone-Salzpeeling -entfernt Hornhaut, reinigt gr\u00fcndlich, pflegt, erfrischt und k\u00fchlt heisse F\u00fcsse.","og_url":"https:\/\/seifen-oper.ch\/?product=de-wahnsinn-fusspeeling","og_site_name":"Seifen Oper GmbH","article_publisher":"https:\/\/www.facebook.com\/SeifenOperGmbH","article_modified_time":"2026-02-09T07:31:32+00:00","og_image":[{"width":500,"height":458,"url":"https:\/\/seifen-oper.ch\/wp-content\/uploads\/2019\/06\/de-wahnsinn-e1566247474875.png","type":"image\/png"}],"twitter_card":"summary_large_image","twitter_misc":{"Gesch\u00e4tzte Lesezeit":"1 Minute"},"schema":{"@context":"https:\/\/schema.org","@graph":[{"@type":"WebPage","@id":"https:\/\/seifen-oper.ch\/?product=de-wahnsinn-fusspeeling","url":"https:\/\/seifen-oper.ch\/?product=de-wahnsinn-fusspeeling","name":"\u201eDe Wahnsinn!\u201c -Fusspeeling - Seifen Oper GmbH","isPartOf":{"@id":"https:\/\/seifen-oper.ch\/#website"},"primaryImageOfPage":{"@id":"https:\/\/seifen-oper.ch\/?product=de-wahnsinn-fusspeeling#primaryimage"},"image":{"@id":"https:\/\/seifen-oper.ch\/?product=de-wahnsinn-fusspeeling#primaryimage"},"thumbnailUrl":"https:\/\/seifen-oper.ch\/wp-content\/uploads\/2019\/06\/de-wahnsinn-e1566247474875.png","datePublished":"2019-06-17T11:39:19+00:00","dateModified":"2026-02-09T07:31:32+00:00","breadcrumb":{"@id":"https:\/\/seifen-oper.ch\/?product=de-wahnsinn-fusspeeling#breadcrumb"},"inLanguage":"de-CH","potentialAction":[{"@type":"ReadAction","target":["https:\/\/seifen-oper.ch\/?product=de-wahnsinn-fusspeeling"]}]},{"@type":"ImageObject","inLanguage":"de-CH","@id":"https:\/\/seifen-oper.ch\/?product=de-wahnsinn-fusspeeling#primaryimage","url":"https:\/\/seifen-oper.ch\/wp-content\/uploads\/2019\/06\/de-wahnsinn-e1566247474875.png","contentUrl":"https:\/\/seifen-oper.ch\/wp-content\/uploads\/2019\/06\/de-wahnsinn-e1566247474875.png","width":500,"height":458},{"@type":"BreadcrumbList","@id":"https:\/\/seifen-oper.ch\/?product=de-wahnsinn-fusspeeling#breadcrumb","itemListElement":[{"@type":"ListItem","position":1,"name":"Home","item":"https:\/\/seifen-oper.ch\/"},{"@type":"ListItem","position":2,"name":"Shop","item":"https:\/\/seifen-oper.ch\/?page_id=12"},{"@type":"ListItem","position":3,"name":"\u201eDe Wahnsinn!\u201c -Fusspeeling"}]},{"@type":"WebSite","@id":"https:\/\/seifen-oper.ch\/#website","url":"https:\/\/seifen-oper.ch\/","name":"Seifen Oper GmbH","description":"Kosmetik bester Qualit\u00e4t. Handgefertigt.","publisher":{"@id":"https:\/\/seifen-oper.ch\/#organization"},"potentialAction":[{"@type":"SearchAction","target":{"@type":"EntryPoint","urlTemplate":"https:\/\/seifen-oper.ch\/?s={search_term_string}"},"query-input":{"@type":"PropertyValueSpecification","valueRequired":true,"valueName":"search_term_string"}}],"inLanguage":"de-CH"},{"@type":"Organization","@id":"https:\/\/seifen-oper.ch\/#organization","name":"Seifen Oper GmbH","url":"https:\/\/seifen-oper.ch\/","logo":{"@type":"ImageObject","inLanguage":"de-CH","@id":"https:\/\/seifen-oper.ch\/#\/schema\/logo\/image\/","url":"https:\/\/seifen-oper.ch\/wp-content\/uploads\/2019\/06\/logo.seifen-oper450.txt.1.png","contentUrl":"https:\/\/seifen-oper.ch\/wp-content\/uploads\/2019\/06\/logo.seifen-oper450.txt.1.png","width":1835,"height":1635,"caption":"Seifen Oper GmbH"},"image":{"@id":"https:\/\/seifen-oper.ch\/#\/schema\/logo\/image\/"},"sameAs":["https:\/\/www.facebook.com\/SeifenOperGmbH","https:\/\/www.instagram.com\/explore\/locations\/1028758197\/seifen-oper\/"]}]}},"_links":{"self":[{"href":"https:\/\/seifen-oper.ch\/index.php?rest_route=\/wp\/v2\/product\/1262"}],"collection":[{"href":"https:\/\/seifen-oper.ch\/index.php?rest_route=\/wp\/v2\/product"}],"about":[{"href":"https:\/\/seifen-oper.ch\/index.php?rest_route=\/wp\/v2\/types\/product"}],"wp:featuredmedia":[{"embeddable":true,"href":"https:\/\/seifen-oper.ch\/index.php?rest_route=\/wp\/v2\/media\/1526"}],"wp:attachment":[{"href":"https:\/\/seifen-oper.ch\/index.php?rest_route=%2Fwp%2Fv2%2Fmedia&parent=1262"}],"wp:term":[{"taxonomy":"product_brand","embeddable":true,"href":"https:\/\/seifen-oper.ch\/index.php?rest_route=%2Fwp%2Fv2%2Fproduct_brand&post=1262"},{"taxonomy":"product_cat","embeddable":true,"href":"https:\/\/seifen-oper.ch\/index.php?rest_route=%2Fwp%2Fv2%2Fproduct_cat&post=1262"},{"taxonomy":"product_tag","embeddable":true,"href":"https:\/\/seifen-oper.ch\/index.php?rest_route=%2Fwp%2Fv2%2Fproduct_tag&post=1262"}],"curies":[{"name":"wp","href":"https:\/\/api.w.org\/{rel}","templated":true}]}}