{"id":1256,"date":"2019-06-17T11:39:18","date_gmt":"2019-06-17T11:39:18","guid":{"rendered":"https:\/\/seifen-oper.ch\/?product=verwohn-gutschein-fur-mama"},"modified":"2019-10-03T15:19:46","modified_gmt":"2019-10-03T15:19:46","slug":"verwohn-gutschein-fur-mama","status":"publish","type":"product","link":"https:\/\/seifen-oper.ch\/?product=verwohn-gutschein-fur-mama","title":{"rendered":"&#171;Verw\u00f6hn-Gutschein f\u00fcr Mama&#187;"},"content":{"rendered":"<p style=\"text-align: center;\">Tun Sie Ihrer Mama etwas Gutes und schenken Sie ihr diesen Gutschein. Sie wird damit rundum verw\u00f6hnt von uns \ud83d\ude42 Es gibt etwas f\u00fcr die Ohren, f\u00fcr die Augen und f\u00fcr die Nase:<\/p>\n<p style=\"text-align: center;\">Sie kann sich damit bei uns im Laden an unserer Duftbar unter fachkundiger Anleitung ihren individuellen Duft kreieren und damit eine K\u00f6rpercreme (250ml) beduften, die sie mit nach Hause nimmt. Es gibt eine kleine Make-Up Beratung von unseren Profis und einen Lippenstift nach Wahl f\u00fcr Mama. Obendrauf machen wir ihr noch 5 Komplimente \ud83d\ude09<\/p>\n<p style=\"text-align: center;\">Sfr. 95.-<\/p>\n","protected":false},"excerpt":{"rendered":"<p>Rundum Verw\u00f6hn-Gutschein f\u00fcr Mama zum Muttertag<\/p>\n","protected":false},"featured_media":1527,"template":"","meta":[],"product_brand":[],"product_cat":[47],"product_tag":[],"class_list":{"0":"post-1256","1":"product","2":"type-product","3":"status-publish","4":"has-post-thumbnail","6":"product_cat-gutscheine","8":"first","9":"instock","10":"shipping-taxable","11":"purchasable","12":"product-type-simple"},"yoast_head":"<!-- This site is optimized with the Yoast SEO plugin v25.6 - https:\/\/yoast.com\/wordpress\/plugins\/seo\/ -->\n<title>&quot;Verw\u00f6hn-Gutschein f\u00fcr Mama&quot; - Seifen Oper GmbH<\/title>\n<meta name=\"robots\" content=\"index, follow, max-snippet:-1, max-image-preview:large, max-video-preview:-1\" \/>\n<link rel=\"canonical\" href=\"https:\/\/seifen-oper.ch\/?product=verwohn-gutschein-fur-mama\" \/>\n<meta property=\"og:locale\" content=\"de_DE\" \/>\n<meta property=\"og:type\" content=\"article\" \/>\n<meta property=\"og:title\" content=\"&quot;Verw\u00f6hn-Gutschein f\u00fcr Mama&quot; - Seifen Oper GmbH\" \/>\n<meta property=\"og:description\" content=\"Rundum Verw\u00f6hn-Gutschein f\u00fcr Mama zum Muttertag\" \/>\n<meta property=\"og:url\" content=\"https:\/\/seifen-oper.ch\/?product=verwohn-gutschein-fur-mama\" \/>\n<meta property=\"og:site_name\" content=\"Seifen Oper GmbH\" \/>\n<meta property=\"article:publisher\" content=\"https:\/\/www.facebook.com\/SeifenOperGmbH\" \/>\n<meta property=\"article:modified_time\" content=\"2019-10-03T15:19:46+00:00\" \/>\n<meta property=\"og:image\" content=\"https:\/\/seifen-oper.ch\/wp-content\/uploads\/2019\/06\/gutscheinredy-e1566247788453.jpg\" \/>\n\t<meta property=\"og:image:width\" content=\"499\" \/>\n\t<meta property=\"og:image:height\" content=\"524\" \/>\n\t<meta property=\"og:image:type\" content=\"image\/jpeg\" \/>\n<meta name=\"twitter:card\" content=\"summary_large_image\" \/>\n<script type=\"application\/ld+json\" class=\"yoast-schema-graph\">{\"@context\":\"https:\/\/schema.org\",\"@graph\":[{\"@type\":\"WebPage\",\"@id\":\"https:\/\/seifen-oper.ch\/?product=verwohn-gutschein-fur-mama\",\"url\":\"https:\/\/seifen-oper.ch\/?product=verwohn-gutschein-fur-mama\",\"name\":\"\\\"Verw\u00f6hn-Gutschein f\u00fcr Mama\\\" - Seifen Oper GmbH\",\"isPartOf\":{\"@id\":\"https:\/\/seifen-oper.ch\/#website\"},\"primaryImageOfPage\":{\"@id\":\"https:\/\/seifen-oper.ch\/?product=verwohn-gutschein-fur-mama#primaryimage\"},\"image\":{\"@id\":\"https:\/\/seifen-oper.ch\/?product=verwohn-gutschein-fur-mama#primaryimage\"},\"thumbnailUrl\":\"https:\/\/seifen-oper.ch\/wp-content\/uploads\/2019\/06\/gutscheinredy-e1566247788453.jpg\",\"datePublished\":\"2019-06-17T11:39:18+00:00\",\"dateModified\":\"2019-10-03T15:19:46+00:00\",\"breadcrumb\":{\"@id\":\"https:\/\/seifen-oper.ch\/?product=verwohn-gutschein-fur-mama#breadcrumb\"},\"inLanguage\":\"de-CH\",\"potentialAction\":[{\"@type\":\"ReadAction\",\"target\":[\"https:\/\/seifen-oper.ch\/?product=verwohn-gutschein-fur-mama\"]}]},{\"@type\":\"ImageObject\",\"inLanguage\":\"de-CH\",\"@id\":\"https:\/\/seifen-oper.ch\/?product=verwohn-gutschein-fur-mama#primaryimage\",\"url\":\"https:\/\/seifen-oper.ch\/wp-content\/uploads\/2019\/06\/gutscheinredy-e1566247788453.jpg\",\"contentUrl\":\"https:\/\/seifen-oper.ch\/wp-content\/uploads\/2019\/06\/gutscheinredy-e1566247788453.jpg\",\"width\":499,\"height\":524},{\"@type\":\"BreadcrumbList\",\"@id\":\"https:\/\/seifen-oper.ch\/?product=verwohn-gutschein-fur-mama#breadcrumb\",\"itemListElement\":[{\"@type\":\"ListItem\",\"position\":1,\"name\":\"Home\",\"item\":\"https:\/\/seifen-oper.ch\/\"},{\"@type\":\"ListItem\",\"position\":2,\"name\":\"Shop\",\"item\":\"https:\/\/seifen-oper.ch\/?page_id=12\"},{\"@type\":\"ListItem\",\"position\":3,\"name\":\"&#171;Verw\u00f6hn-Gutschein f\u00fcr Mama&#187;\"}]},{\"@type\":\"WebSite\",\"@id\":\"https:\/\/seifen-oper.ch\/#website\",\"url\":\"https:\/\/seifen-oper.ch\/\",\"name\":\"Seifen Oper GmbH\",\"description\":\"Kosmetik bester Qualit\u00e4t. Handgefertigt.\",\"publisher\":{\"@id\":\"https:\/\/seifen-oper.ch\/#organization\"},\"potentialAction\":[{\"@type\":\"SearchAction\",\"target\":{\"@type\":\"EntryPoint\",\"urlTemplate\":\"https:\/\/seifen-oper.ch\/?s={search_term_string}\"},\"query-input\":{\"@type\":\"PropertyValueSpecification\",\"valueRequired\":true,\"valueName\":\"search_term_string\"}}],\"inLanguage\":\"de-CH\"},{\"@type\":\"Organization\",\"@id\":\"https:\/\/seifen-oper.ch\/#organization\",\"name\":\"Seifen Oper GmbH\",\"url\":\"https:\/\/seifen-oper.ch\/\",\"logo\":{\"@type\":\"ImageObject\",\"inLanguage\":\"de-CH\",\"@id\":\"https:\/\/seifen-oper.ch\/#\/schema\/logo\/image\/\",\"url\":\"https:\/\/seifen-oper.ch\/wp-content\/uploads\/2019\/06\/logo.seifen-oper450.txt.1.png\",\"contentUrl\":\"https:\/\/seifen-oper.ch\/wp-content\/uploads\/2019\/06\/logo.seifen-oper450.txt.1.png\",\"width\":1835,\"height\":1635,\"caption\":\"Seifen Oper GmbH\"},\"image\":{\"@id\":\"https:\/\/seifen-oper.ch\/#\/schema\/logo\/image\/\"},\"sameAs\":[\"https:\/\/www.facebook.com\/SeifenOperGmbH\",\"https:\/\/www.instagram.com\/explore\/locations\/1028758197\/seifen-oper\/\"]}]}<\/script>\n<!-- \/ Yoast SEO plugin. -->","yoast_head_json":{"title":"\"Verw\u00f6hn-Gutschein f\u00fcr Mama\" - Seifen Oper GmbH","robots":{"index":"index","follow":"follow","max-snippet":"max-snippet:-1","max-image-preview":"max-image-preview:large","max-video-preview":"max-video-preview:-1"},"canonical":"https:\/\/seifen-oper.ch\/?product=verwohn-gutschein-fur-mama","og_locale":"de_DE","og_type":"article","og_title":"\"Verw\u00f6hn-Gutschein f\u00fcr Mama\" - Seifen Oper GmbH","og_description":"Rundum Verw\u00f6hn-Gutschein f\u00fcr Mama zum Muttertag","og_url":"https:\/\/seifen-oper.ch\/?product=verwohn-gutschein-fur-mama","og_site_name":"Seifen Oper GmbH","article_publisher":"https:\/\/www.facebook.com\/SeifenOperGmbH","article_modified_time":"2019-10-03T15:19:46+00:00","og_image":[{"width":499,"height":524,"url":"https:\/\/seifen-oper.ch\/wp-content\/uploads\/2019\/06\/gutscheinredy-e1566247788453.jpg","type":"image\/jpeg"}],"twitter_card":"summary_large_image","schema":{"@context":"https:\/\/schema.org","@graph":[{"@type":"WebPage","@id":"https:\/\/seifen-oper.ch\/?product=verwohn-gutschein-fur-mama","url":"https:\/\/seifen-oper.ch\/?product=verwohn-gutschein-fur-mama","name":"\"Verw\u00f6hn-Gutschein f\u00fcr Mama\" - Seifen Oper GmbH","isPartOf":{"@id":"https:\/\/seifen-oper.ch\/#website"},"primaryImageOfPage":{"@id":"https:\/\/seifen-oper.ch\/?product=verwohn-gutschein-fur-mama#primaryimage"},"image":{"@id":"https:\/\/seifen-oper.ch\/?product=verwohn-gutschein-fur-mama#primaryimage"},"thumbnailUrl":"https:\/\/seifen-oper.ch\/wp-content\/uploads\/2019\/06\/gutscheinredy-e1566247788453.jpg","datePublished":"2019-06-17T11:39:18+00:00","dateModified":"2019-10-03T15:19:46+00:00","breadcrumb":{"@id":"https:\/\/seifen-oper.ch\/?product=verwohn-gutschein-fur-mama#breadcrumb"},"inLanguage":"de-CH","potentialAction":[{"@type":"ReadAction","target":["https:\/\/seifen-oper.ch\/?product=verwohn-gutschein-fur-mama"]}]},{"@type":"ImageObject","inLanguage":"de-CH","@id":"https:\/\/seifen-oper.ch\/?product=verwohn-gutschein-fur-mama#primaryimage","url":"https:\/\/seifen-oper.ch\/wp-content\/uploads\/2019\/06\/gutscheinredy-e1566247788453.jpg","contentUrl":"https:\/\/seifen-oper.ch\/wp-content\/uploads\/2019\/06\/gutscheinredy-e1566247788453.jpg","width":499,"height":524},{"@type":"BreadcrumbList","@id":"https:\/\/seifen-oper.ch\/?product=verwohn-gutschein-fur-mama#breadcrumb","itemListElement":[{"@type":"ListItem","position":1,"name":"Home","item":"https:\/\/seifen-oper.ch\/"},{"@type":"ListItem","position":2,"name":"Shop","item":"https:\/\/seifen-oper.ch\/?page_id=12"},{"@type":"ListItem","position":3,"name":"&#171;Verw\u00f6hn-Gutschein f\u00fcr Mama&#187;"}]},{"@type":"WebSite","@id":"https:\/\/seifen-oper.ch\/#website","url":"https:\/\/seifen-oper.ch\/","name":"Seifen Oper GmbH","description":"Kosmetik bester Qualit\u00e4t. Handgefertigt.","publisher":{"@id":"https:\/\/seifen-oper.ch\/#organization"},"potentialAction":[{"@type":"SearchAction","target":{"@type":"EntryPoint","urlTemplate":"https:\/\/seifen-oper.ch\/?s={search_term_string}"},"query-input":{"@type":"PropertyValueSpecification","valueRequired":true,"valueName":"search_term_string"}}],"inLanguage":"de-CH"},{"@type":"Organization","@id":"https:\/\/seifen-oper.ch\/#organization","name":"Seifen Oper GmbH","url":"https:\/\/seifen-oper.ch\/","logo":{"@type":"ImageObject","inLanguage":"de-CH","@id":"https:\/\/seifen-oper.ch\/#\/schema\/logo\/image\/","url":"https:\/\/seifen-oper.ch\/wp-content\/uploads\/2019\/06\/logo.seifen-oper450.txt.1.png","contentUrl":"https:\/\/seifen-oper.ch\/wp-content\/uploads\/2019\/06\/logo.seifen-oper450.txt.1.png","width":1835,"height":1635,"caption":"Seifen Oper GmbH"},"image":{"@id":"https:\/\/seifen-oper.ch\/#\/schema\/logo\/image\/"},"sameAs":["https:\/\/www.facebook.com\/SeifenOperGmbH","https:\/\/www.instagram.com\/explore\/locations\/1028758197\/seifen-oper\/"]}]}},"_links":{"self":[{"href":"https:\/\/seifen-oper.ch\/index.php?rest_route=\/wp\/v2\/product\/1256"}],"collection":[{"href":"https:\/\/seifen-oper.ch\/index.php?rest_route=\/wp\/v2\/product"}],"about":[{"href":"https:\/\/seifen-oper.ch\/index.php?rest_route=\/wp\/v2\/types\/product"}],"wp:featuredmedia":[{"embeddable":true,"href":"https:\/\/seifen-oper.ch\/index.php?rest_route=\/wp\/v2\/media\/1527"}],"wp:attachment":[{"href":"https:\/\/seifen-oper.ch\/index.php?rest_route=%2Fwp%2Fv2%2Fmedia&parent=1256"}],"wp:term":[{"taxonomy":"product_brand","embeddable":true,"href":"https:\/\/seifen-oper.ch\/index.php?rest_route=%2Fwp%2Fv2%2Fproduct_brand&post=1256"},{"taxonomy":"product_cat","embeddable":true,"href":"https:\/\/seifen-oper.ch\/index.php?rest_route=%2Fwp%2Fv2%2Fproduct_cat&post=1256"},{"taxonomy":"product_tag","embeddable":true,"href":"https:\/\/seifen-oper.ch\/index.php?rest_route=%2Fwp%2Fv2%2Fproduct_tag&post=1256"}],"curies":[{"name":"wp","href":"https:\/\/api.w.org\/{rel}","templated":true}]}}