{"id":1241,"date":"2019-06-17T11:39:15","date_gmt":"2019-06-17T11:39:15","guid":{"rendered":"https:\/\/seifen-oper.ch\/?product=picobello-frisch-frohlich-125ml"},"modified":"2021-10-08T21:58:27","modified_gmt":"2021-10-08T19:58:27","slug":"picobello-frisch-frohlich-125ml","status":"publish","type":"product","link":"https:\/\/seifen-oper.ch\/?product=picobello-frisch-frohlich-125ml","title":{"rendered":"&#171;PICOBELLO-Frisch &#038; Fr\u00f6hlich&#187; 200ML"},"content":{"rendered":"<p class=\"p1\" style=\"text-align: center;\">Unser erfrischendes &#171;Frisch &amp; Fr\u00f6hlich Picobello&#187; riecht erquickend frisch und macht sofort gute Laune beim duschen. Es ist zartgr\u00fcn und duftet nach Blumenwiese, frischer Waldluft und nach dem perfekten Fr\u00fchlingsmorgen. Es weckt Sie morgens auf und wenn Sie es lieber Abends benutzen, versetzt es Sie garantiert in gute Stimmung vor dem Schalfen gehen. Holen Sie sich den Fr\u00fchling ins Badezimmer damit! Und das beste, es ist: Shampoo UND Duschgel! Sie k\u00f6nnen es sogar zum Baden (f\u00fcr Schaumb\u00e4der) benutzen. Es reinigt Haut &amp; Haare zuverl\u00e4ssig, ohne den Schutzfilm der Haut zu besch\u00e4digen. Die sehr sanfte Reinigungsbasis ist seifenfrei und mit milden, ausgew\u00e4hlten Tensiden (waschaktive Substanzen) auf pflanzlicher Basis angereichert.<\/p>\n<p class=\"p1\" style=\"text-align: center;\">200ml \/ Sfr. 20.-<\/p>\n<p class=\"p3\" style=\"text-align: center;\"><span class=\"s1\">INCI (Inhaltsstoffe):<\/span>\u00a0Sodium Laureth Sulfate, Propylene Glycol,\u00a0Cocamide DEA,\u00a0PEG-7 Glyceryl Cocoate, Polyparaben,\u00a0Aqua purificata, Sodium Chloride, Parf\u00fcm\u00f6l, E142 (gr\u00fcnes Farbpigment)<\/p>\n","protected":false},"excerpt":{"rendered":"<p>fr\u00fchlingshaftes Waschgel f\u00fcr Haut und Haar<\/p>\n","protected":false},"featured_media":3572,"template":"","meta":[],"product_brand":[],"product_cat":[26],"product_tag":[295,303,300,296,126],"class_list":{"0":"post-1241","1":"product","2":"type-product","3":"status-publish","4":"has-post-thumbnail","6":"product_cat-picobellos-waschgels","7":"product_tag-duschgel","8":"product_tag-frisch-frohlich","9":"product_tag-picobello","10":"product_tag-schaumbad","11":"product_tag-shampoo","13":"first","14":"instock","15":"shipping-taxable","16":"purchasable","17":"product-type-simple"},"yoast_head":"<!-- This site is optimized with the Yoast SEO plugin v25.6 - https:\/\/yoast.com\/wordpress\/plugins\/seo\/ -->\n<title>&quot;PICOBELLO-Frisch &amp; Fr\u00f6hlich&quot; 200ML - Seifen Oper GmbH<\/title>\n<meta name=\"robots\" content=\"index, follow, max-snippet:-1, max-image-preview:large, max-video-preview:-1\" \/>\n<link rel=\"canonical\" href=\"https:\/\/seifen-oper.ch\/?product=picobello-frisch-frohlich-125ml\" \/>\n<meta property=\"og:locale\" content=\"de_DE\" \/>\n<meta property=\"og:type\" content=\"article\" \/>\n<meta property=\"og:title\" content=\"&quot;PICOBELLO-Frisch &amp; Fr\u00f6hlich&quot; 200ML - Seifen Oper GmbH\" \/>\n<meta property=\"og:description\" content=\"fr\u00fchlingshaftes Waschgel f\u00fcr Haut und Haar\" \/>\n<meta property=\"og:url\" content=\"https:\/\/seifen-oper.ch\/?product=picobello-frisch-frohlich-125ml\" \/>\n<meta property=\"og:site_name\" content=\"Seifen Oper GmbH\" \/>\n<meta property=\"article:publisher\" content=\"https:\/\/www.facebook.com\/SeifenOperGmbH\" \/>\n<meta property=\"article:modified_time\" content=\"2021-10-08T19:58:27+00:00\" \/>\n<meta property=\"og:image\" content=\"https:\/\/seifen-oper.ch\/wp-content\/uploads\/2020\/11\/picobellos-neu-845x1024.png\" \/>\n\t<meta property=\"og:image:width\" content=\"845\" \/>\n\t<meta property=\"og:image:height\" content=\"1024\" \/>\n\t<meta property=\"og:image:type\" content=\"image\/png\" \/>\n<meta name=\"twitter:card\" content=\"summary_large_image\" \/>\n<meta name=\"twitter:label1\" content=\"Gesch\u00e4tzte Lesezeit\" \/>\n\t<meta name=\"twitter:data1\" content=\"1 Minute\" \/>\n<script type=\"application\/ld+json\" class=\"yoast-schema-graph\">{\"@context\":\"https:\/\/schema.org\",\"@graph\":[{\"@type\":\"WebPage\",\"@id\":\"https:\/\/seifen-oper.ch\/?product=picobello-frisch-frohlich-125ml\",\"url\":\"https:\/\/seifen-oper.ch\/?product=picobello-frisch-frohlich-125ml\",\"name\":\"\\\"PICOBELLO-Frisch & Fr\u00f6hlich\\\" 200ML - Seifen Oper GmbH\",\"isPartOf\":{\"@id\":\"https:\/\/seifen-oper.ch\/#website\"},\"primaryImageOfPage\":{\"@id\":\"https:\/\/seifen-oper.ch\/?product=picobello-frisch-frohlich-125ml#primaryimage\"},\"image\":{\"@id\":\"https:\/\/seifen-oper.ch\/?product=picobello-frisch-frohlich-125ml#primaryimage\"},\"thumbnailUrl\":\"https:\/\/seifen-oper.ch\/wp-content\/uploads\/2020\/11\/picobellos-neu.png\",\"datePublished\":\"2019-06-17T11:39:15+00:00\",\"dateModified\":\"2021-10-08T19:58:27+00:00\",\"breadcrumb\":{\"@id\":\"https:\/\/seifen-oper.ch\/?product=picobello-frisch-frohlich-125ml#breadcrumb\"},\"inLanguage\":\"de-CH\",\"potentialAction\":[{\"@type\":\"ReadAction\",\"target\":[\"https:\/\/seifen-oper.ch\/?product=picobello-frisch-frohlich-125ml\"]}]},{\"@type\":\"ImageObject\",\"inLanguage\":\"de-CH\",\"@id\":\"https:\/\/seifen-oper.ch\/?product=picobello-frisch-frohlich-125ml#primaryimage\",\"url\":\"https:\/\/seifen-oper.ch\/wp-content\/uploads\/2020\/11\/picobellos-neu.png\",\"contentUrl\":\"https:\/\/seifen-oper.ch\/wp-content\/uploads\/2020\/11\/picobellos-neu.png\",\"width\":1288,\"height\":1560},{\"@type\":\"BreadcrumbList\",\"@id\":\"https:\/\/seifen-oper.ch\/?product=picobello-frisch-frohlich-125ml#breadcrumb\",\"itemListElement\":[{\"@type\":\"ListItem\",\"position\":1,\"name\":\"Home\",\"item\":\"https:\/\/seifen-oper.ch\/\"},{\"@type\":\"ListItem\",\"position\":2,\"name\":\"Shop\",\"item\":\"https:\/\/seifen-oper.ch\/?page_id=12\"},{\"@type\":\"ListItem\",\"position\":3,\"name\":\"&#171;PICOBELLO-Frisch &#038; Fr\u00f6hlich&#187; 200ML\"}]},{\"@type\":\"WebSite\",\"@id\":\"https:\/\/seifen-oper.ch\/#website\",\"url\":\"https:\/\/seifen-oper.ch\/\",\"name\":\"Seifen Oper GmbH\",\"description\":\"Kosmetik bester Qualit\u00e4t. Handgefertigt.\",\"publisher\":{\"@id\":\"https:\/\/seifen-oper.ch\/#organization\"},\"potentialAction\":[{\"@type\":\"SearchAction\",\"target\":{\"@type\":\"EntryPoint\",\"urlTemplate\":\"https:\/\/seifen-oper.ch\/?s={search_term_string}\"},\"query-input\":{\"@type\":\"PropertyValueSpecification\",\"valueRequired\":true,\"valueName\":\"search_term_string\"}}],\"inLanguage\":\"de-CH\"},{\"@type\":\"Organization\",\"@id\":\"https:\/\/seifen-oper.ch\/#organization\",\"name\":\"Seifen Oper GmbH\",\"url\":\"https:\/\/seifen-oper.ch\/\",\"logo\":{\"@type\":\"ImageObject\",\"inLanguage\":\"de-CH\",\"@id\":\"https:\/\/seifen-oper.ch\/#\/schema\/logo\/image\/\",\"url\":\"https:\/\/seifen-oper.ch\/wp-content\/uploads\/2019\/06\/logo.seifen-oper450.txt.1.png\",\"contentUrl\":\"https:\/\/seifen-oper.ch\/wp-content\/uploads\/2019\/06\/logo.seifen-oper450.txt.1.png\",\"width\":1835,\"height\":1635,\"caption\":\"Seifen Oper GmbH\"},\"image\":{\"@id\":\"https:\/\/seifen-oper.ch\/#\/schema\/logo\/image\/\"},\"sameAs\":[\"https:\/\/www.facebook.com\/SeifenOperGmbH\",\"https:\/\/www.instagram.com\/explore\/locations\/1028758197\/seifen-oper\/\"]}]}<\/script>\n<!-- \/ Yoast SEO plugin. -->","yoast_head_json":{"title":"\"PICOBELLO-Frisch & Fr\u00f6hlich\" 200ML - Seifen Oper GmbH","robots":{"index":"index","follow":"follow","max-snippet":"max-snippet:-1","max-image-preview":"max-image-preview:large","max-video-preview":"max-video-preview:-1"},"canonical":"https:\/\/seifen-oper.ch\/?product=picobello-frisch-frohlich-125ml","og_locale":"de_DE","og_type":"article","og_title":"\"PICOBELLO-Frisch & Fr\u00f6hlich\" 200ML - Seifen Oper GmbH","og_description":"fr\u00fchlingshaftes Waschgel f\u00fcr Haut und Haar","og_url":"https:\/\/seifen-oper.ch\/?product=picobello-frisch-frohlich-125ml","og_site_name":"Seifen Oper GmbH","article_publisher":"https:\/\/www.facebook.com\/SeifenOperGmbH","article_modified_time":"2021-10-08T19:58:27+00:00","og_image":[{"width":845,"height":1024,"url":"https:\/\/seifen-oper.ch\/wp-content\/uploads\/2020\/11\/picobellos-neu-845x1024.png","type":"image\/png"}],"twitter_card":"summary_large_image","twitter_misc":{"Gesch\u00e4tzte Lesezeit":"1 Minute"},"schema":{"@context":"https:\/\/schema.org","@graph":[{"@type":"WebPage","@id":"https:\/\/seifen-oper.ch\/?product=picobello-frisch-frohlich-125ml","url":"https:\/\/seifen-oper.ch\/?product=picobello-frisch-frohlich-125ml","name":"\"PICOBELLO-Frisch & Fr\u00f6hlich\" 200ML - Seifen Oper GmbH","isPartOf":{"@id":"https:\/\/seifen-oper.ch\/#website"},"primaryImageOfPage":{"@id":"https:\/\/seifen-oper.ch\/?product=picobello-frisch-frohlich-125ml#primaryimage"},"image":{"@id":"https:\/\/seifen-oper.ch\/?product=picobello-frisch-frohlich-125ml#primaryimage"},"thumbnailUrl":"https:\/\/seifen-oper.ch\/wp-content\/uploads\/2020\/11\/picobellos-neu.png","datePublished":"2019-06-17T11:39:15+00:00","dateModified":"2021-10-08T19:58:27+00:00","breadcrumb":{"@id":"https:\/\/seifen-oper.ch\/?product=picobello-frisch-frohlich-125ml#breadcrumb"},"inLanguage":"de-CH","potentialAction":[{"@type":"ReadAction","target":["https:\/\/seifen-oper.ch\/?product=picobello-frisch-frohlich-125ml"]}]},{"@type":"ImageObject","inLanguage":"de-CH","@id":"https:\/\/seifen-oper.ch\/?product=picobello-frisch-frohlich-125ml#primaryimage","url":"https:\/\/seifen-oper.ch\/wp-content\/uploads\/2020\/11\/picobellos-neu.png","contentUrl":"https:\/\/seifen-oper.ch\/wp-content\/uploads\/2020\/11\/picobellos-neu.png","width":1288,"height":1560},{"@type":"BreadcrumbList","@id":"https:\/\/seifen-oper.ch\/?product=picobello-frisch-frohlich-125ml#breadcrumb","itemListElement":[{"@type":"ListItem","position":1,"name":"Home","item":"https:\/\/seifen-oper.ch\/"},{"@type":"ListItem","position":2,"name":"Shop","item":"https:\/\/seifen-oper.ch\/?page_id=12"},{"@type":"ListItem","position":3,"name":"&#171;PICOBELLO-Frisch &#038; Fr\u00f6hlich&#187; 200ML"}]},{"@type":"WebSite","@id":"https:\/\/seifen-oper.ch\/#website","url":"https:\/\/seifen-oper.ch\/","name":"Seifen Oper GmbH","description":"Kosmetik bester Qualit\u00e4t. Handgefertigt.","publisher":{"@id":"https:\/\/seifen-oper.ch\/#organization"},"potentialAction":[{"@type":"SearchAction","target":{"@type":"EntryPoint","urlTemplate":"https:\/\/seifen-oper.ch\/?s={search_term_string}"},"query-input":{"@type":"PropertyValueSpecification","valueRequired":true,"valueName":"search_term_string"}}],"inLanguage":"de-CH"},{"@type":"Organization","@id":"https:\/\/seifen-oper.ch\/#organization","name":"Seifen Oper GmbH","url":"https:\/\/seifen-oper.ch\/","logo":{"@type":"ImageObject","inLanguage":"de-CH","@id":"https:\/\/seifen-oper.ch\/#\/schema\/logo\/image\/","url":"https:\/\/seifen-oper.ch\/wp-content\/uploads\/2019\/06\/logo.seifen-oper450.txt.1.png","contentUrl":"https:\/\/seifen-oper.ch\/wp-content\/uploads\/2019\/06\/logo.seifen-oper450.txt.1.png","width":1835,"height":1635,"caption":"Seifen Oper GmbH"},"image":{"@id":"https:\/\/seifen-oper.ch\/#\/schema\/logo\/image\/"},"sameAs":["https:\/\/www.facebook.com\/SeifenOperGmbH","https:\/\/www.instagram.com\/explore\/locations\/1028758197\/seifen-oper\/"]}]}},"_links":{"self":[{"href":"https:\/\/seifen-oper.ch\/index.php?rest_route=\/wp\/v2\/product\/1241"}],"collection":[{"href":"https:\/\/seifen-oper.ch\/index.php?rest_route=\/wp\/v2\/product"}],"about":[{"href":"https:\/\/seifen-oper.ch\/index.php?rest_route=\/wp\/v2\/types\/product"}],"wp:featuredmedia":[{"embeddable":true,"href":"https:\/\/seifen-oper.ch\/index.php?rest_route=\/wp\/v2\/media\/3572"}],"wp:attachment":[{"href":"https:\/\/seifen-oper.ch\/index.php?rest_route=%2Fwp%2Fv2%2Fmedia&parent=1241"}],"wp:term":[{"taxonomy":"product_brand","embeddable":true,"href":"https:\/\/seifen-oper.ch\/index.php?rest_route=%2Fwp%2Fv2%2Fproduct_brand&post=1241"},{"taxonomy":"product_cat","embeddable":true,"href":"https:\/\/seifen-oper.ch\/index.php?rest_route=%2Fwp%2Fv2%2Fproduct_cat&post=1241"},{"taxonomy":"product_tag","embeddable":true,"href":"https:\/\/seifen-oper.ch\/index.php?rest_route=%2Fwp%2Fv2%2Fproduct_tag&post=1241"}],"curies":[{"name":"wp","href":"https:\/\/api.w.org\/{rel}","templated":true}]}}