{"id":1212,"date":"2019-06-17T11:39:10","date_gmt":"2019-06-17T09:39:10","guid":{"rendered":"https:\/\/seifen-oper.ch\/?product=zuckerschnute-blaubeer-melone"},"modified":"2020-11-28T00:10:05","modified_gmt":"2020-11-27T23:10:05","slug":"zuckerschnute-blaubeer-melone","status":"publish","type":"product","link":"https:\/\/seifen-oper.ch\/?product=zuckerschnute-blaubeer-melone","title":{"rendered":"&#171;Zuckerschnute&#187; Blaubeer Melone"},"content":{"rendered":"<p style=\"text-align: center;\"><span style=\"color: #888888;\"><br \/>\nDiese s\u00fcsse Zuckerschnute verhilft Ihnen zu samtweicher Haut indem sie alle abgestorbenen Hautsch\u00fcppchen entfernt. Ausserdem hinterl\u00e4sst sie einen fruchtig s\u00fcssen Duft von Blaubeer unf Melone auf Ihrer streichelzarten Haut. Und mit Glitzer haben wir auch nicht gespart \ud83d\ude09<\/span><\/p>\n<p style=\"text-align: center;\"><span style=\"color: #888888;\">Anwendung: Eine Handvoll mit unter die Dusche nehmen und den K\u00f6rper damit abreiben. Mit Wasser absp\u00fclen. Bitte nur \u00e4usserlich anwenden. Ohne Konservierungsstoffe.<\/span><\/p>\n<p style=\"text-align: center;\"><span style=\"color: #888888;\">INCI (Inhaltsstoffe):\u00a0Saccharide Isomerate (Zucker), Glycerine,\u00a0Parf\u00fcm,\u00a0<\/span><span style=\"color: #888888;\">CI51319 (lila Farbpigment),\u00a0<\/span><span style=\"color: #888888;\">E122 (rotes Farbpigment), Glitzer<\/span><\/p>\n<p style=\"text-align: center;\"><span style=\"color: #888888;\">ca. 150g \/ Sfr. 13.-\u00a0<\/span><\/p>\n<p style=\"text-align: center;\"><span style=\"color: #888888;\">\u00a0<\/span><\/p>\n","protected":false},"excerpt":{"rendered":"<p>Blaubeer Melonen K\u00f6rperpeeling<\/p>\n","protected":false},"featured_media":3004,"template":"","meta":[],"product_brand":[],"product_cat":[51],"product_tag":[],"class_list":{"0":"post-1212","1":"product","2":"type-product","3":"status-publish","4":"has-post-thumbnail","6":"product_cat-korperppelings","8":"first","9":"instock","10":"shipping-taxable","11":"purchasable","12":"product-type-simple"},"yoast_head":"<!-- This site is optimized with the Yoast SEO plugin v25.6 - https:\/\/yoast.com\/wordpress\/plugins\/seo\/ -->\n<title>&quot;Zuckerschnute&quot; Blaubeer Melone - Seifen Oper GmbH<\/title>\n<meta name=\"robots\" content=\"index, follow, max-snippet:-1, max-image-preview:large, max-video-preview:-1\" \/>\n<link rel=\"canonical\" href=\"https:\/\/seifen-oper.ch\/?product=zuckerschnute-blaubeer-melone\" \/>\n<meta property=\"og:locale\" content=\"de_DE\" \/>\n<meta property=\"og:type\" content=\"article\" \/>\n<meta property=\"og:title\" content=\"&quot;Zuckerschnute&quot; Blaubeer Melone - Seifen Oper GmbH\" \/>\n<meta property=\"og:description\" content=\"Blaubeer Melonen K\u00f6rperpeeling\" \/>\n<meta property=\"og:url\" content=\"https:\/\/seifen-oper.ch\/?product=zuckerschnute-blaubeer-melone\" \/>\n<meta property=\"og:site_name\" content=\"Seifen Oper GmbH\" \/>\n<meta property=\"article:publisher\" content=\"https:\/\/www.facebook.com\/SeifenOperGmbH\" \/>\n<meta property=\"article:modified_time\" content=\"2020-11-27T23:10:05+00:00\" \/>\n<meta property=\"og:image\" content=\"https:\/\/seifen-oper.ch\/wp-content\/uploads\/2019\/06\/Blaubeer-Melonen-Peeling-Foto.png\" \/>\n\t<meta property=\"og:image:width\" content=\"1060\" \/>\n\t<meta property=\"og:image:height\" content=\"957\" \/>\n\t<meta property=\"og:image:type\" content=\"image\/png\" \/>\n<meta name=\"twitter:card\" content=\"summary_large_image\" \/>\n<script type=\"application\/ld+json\" class=\"yoast-schema-graph\">{\"@context\":\"https:\/\/schema.org\",\"@graph\":[{\"@type\":\"WebPage\",\"@id\":\"https:\/\/seifen-oper.ch\/?product=zuckerschnute-blaubeer-melone\",\"url\":\"https:\/\/seifen-oper.ch\/?product=zuckerschnute-blaubeer-melone\",\"name\":\"\\\"Zuckerschnute\\\" Blaubeer Melone - Seifen Oper GmbH\",\"isPartOf\":{\"@id\":\"https:\/\/seifen-oper.ch\/#website\"},\"primaryImageOfPage\":{\"@id\":\"https:\/\/seifen-oper.ch\/?product=zuckerschnute-blaubeer-melone#primaryimage\"},\"image\":{\"@id\":\"https:\/\/seifen-oper.ch\/?product=zuckerschnute-blaubeer-melone#primaryimage\"},\"thumbnailUrl\":\"https:\/\/seifen-oper.ch\/wp-content\/uploads\/2019\/06\/Blaubeer-Melonen-Peeling-Foto.png\",\"datePublished\":\"2019-06-17T09:39:10+00:00\",\"dateModified\":\"2020-11-27T23:10:05+00:00\",\"breadcrumb\":{\"@id\":\"https:\/\/seifen-oper.ch\/?product=zuckerschnute-blaubeer-melone#breadcrumb\"},\"inLanguage\":\"de-CH\",\"potentialAction\":[{\"@type\":\"ReadAction\",\"target\":[\"https:\/\/seifen-oper.ch\/?product=zuckerschnute-blaubeer-melone\"]}]},{\"@type\":\"ImageObject\",\"inLanguage\":\"de-CH\",\"@id\":\"https:\/\/seifen-oper.ch\/?product=zuckerschnute-blaubeer-melone#primaryimage\",\"url\":\"https:\/\/seifen-oper.ch\/wp-content\/uploads\/2019\/06\/Blaubeer-Melonen-Peeling-Foto.png\",\"contentUrl\":\"https:\/\/seifen-oper.ch\/wp-content\/uploads\/2019\/06\/Blaubeer-Melonen-Peeling-Foto.png\",\"width\":1060,\"height\":957},{\"@type\":\"BreadcrumbList\",\"@id\":\"https:\/\/seifen-oper.ch\/?product=zuckerschnute-blaubeer-melone#breadcrumb\",\"itemListElement\":[{\"@type\":\"ListItem\",\"position\":1,\"name\":\"Home\",\"item\":\"https:\/\/seifen-oper.ch\/\"},{\"@type\":\"ListItem\",\"position\":2,\"name\":\"Shop\",\"item\":\"https:\/\/seifen-oper.ch\/?page_id=12\"},{\"@type\":\"ListItem\",\"position\":3,\"name\":\"&#171;Zuckerschnute&#187; Blaubeer Melone\"}]},{\"@type\":\"WebSite\",\"@id\":\"https:\/\/seifen-oper.ch\/#website\",\"url\":\"https:\/\/seifen-oper.ch\/\",\"name\":\"Seifen Oper GmbH\",\"description\":\"Kosmetik bester Qualit\u00e4t. Handgefertigt.\",\"publisher\":{\"@id\":\"https:\/\/seifen-oper.ch\/#organization\"},\"potentialAction\":[{\"@type\":\"SearchAction\",\"target\":{\"@type\":\"EntryPoint\",\"urlTemplate\":\"https:\/\/seifen-oper.ch\/?s={search_term_string}\"},\"query-input\":{\"@type\":\"PropertyValueSpecification\",\"valueRequired\":true,\"valueName\":\"search_term_string\"}}],\"inLanguage\":\"de-CH\"},{\"@type\":\"Organization\",\"@id\":\"https:\/\/seifen-oper.ch\/#organization\",\"name\":\"Seifen Oper GmbH\",\"url\":\"https:\/\/seifen-oper.ch\/\",\"logo\":{\"@type\":\"ImageObject\",\"inLanguage\":\"de-CH\",\"@id\":\"https:\/\/seifen-oper.ch\/#\/schema\/logo\/image\/\",\"url\":\"https:\/\/seifen-oper.ch\/wp-content\/uploads\/2019\/06\/logo.seifen-oper450.txt.1.png\",\"contentUrl\":\"https:\/\/seifen-oper.ch\/wp-content\/uploads\/2019\/06\/logo.seifen-oper450.txt.1.png\",\"width\":1835,\"height\":1635,\"caption\":\"Seifen Oper GmbH\"},\"image\":{\"@id\":\"https:\/\/seifen-oper.ch\/#\/schema\/logo\/image\/\"},\"sameAs\":[\"https:\/\/www.facebook.com\/SeifenOperGmbH\",\"https:\/\/www.instagram.com\/explore\/locations\/1028758197\/seifen-oper\/\"]}]}<\/script>\n<!-- \/ Yoast SEO plugin. -->","yoast_head_json":{"title":"\"Zuckerschnute\" Blaubeer Melone - Seifen Oper GmbH","robots":{"index":"index","follow":"follow","max-snippet":"max-snippet:-1","max-image-preview":"max-image-preview:large","max-video-preview":"max-video-preview:-1"},"canonical":"https:\/\/seifen-oper.ch\/?product=zuckerschnute-blaubeer-melone","og_locale":"de_DE","og_type":"article","og_title":"\"Zuckerschnute\" Blaubeer Melone - Seifen Oper GmbH","og_description":"Blaubeer Melonen K\u00f6rperpeeling","og_url":"https:\/\/seifen-oper.ch\/?product=zuckerschnute-blaubeer-melone","og_site_name":"Seifen Oper GmbH","article_publisher":"https:\/\/www.facebook.com\/SeifenOperGmbH","article_modified_time":"2020-11-27T23:10:05+00:00","og_image":[{"width":1060,"height":957,"url":"https:\/\/seifen-oper.ch\/wp-content\/uploads\/2019\/06\/Blaubeer-Melonen-Peeling-Foto.png","type":"image\/png"}],"twitter_card":"summary_large_image","schema":{"@context":"https:\/\/schema.org","@graph":[{"@type":"WebPage","@id":"https:\/\/seifen-oper.ch\/?product=zuckerschnute-blaubeer-melone","url":"https:\/\/seifen-oper.ch\/?product=zuckerschnute-blaubeer-melone","name":"\"Zuckerschnute\" Blaubeer Melone - Seifen Oper GmbH","isPartOf":{"@id":"https:\/\/seifen-oper.ch\/#website"},"primaryImageOfPage":{"@id":"https:\/\/seifen-oper.ch\/?product=zuckerschnute-blaubeer-melone#primaryimage"},"image":{"@id":"https:\/\/seifen-oper.ch\/?product=zuckerschnute-blaubeer-melone#primaryimage"},"thumbnailUrl":"https:\/\/seifen-oper.ch\/wp-content\/uploads\/2019\/06\/Blaubeer-Melonen-Peeling-Foto.png","datePublished":"2019-06-17T09:39:10+00:00","dateModified":"2020-11-27T23:10:05+00:00","breadcrumb":{"@id":"https:\/\/seifen-oper.ch\/?product=zuckerschnute-blaubeer-melone#breadcrumb"},"inLanguage":"de-CH","potentialAction":[{"@type":"ReadAction","target":["https:\/\/seifen-oper.ch\/?product=zuckerschnute-blaubeer-melone"]}]},{"@type":"ImageObject","inLanguage":"de-CH","@id":"https:\/\/seifen-oper.ch\/?product=zuckerschnute-blaubeer-melone#primaryimage","url":"https:\/\/seifen-oper.ch\/wp-content\/uploads\/2019\/06\/Blaubeer-Melonen-Peeling-Foto.png","contentUrl":"https:\/\/seifen-oper.ch\/wp-content\/uploads\/2019\/06\/Blaubeer-Melonen-Peeling-Foto.png","width":1060,"height":957},{"@type":"BreadcrumbList","@id":"https:\/\/seifen-oper.ch\/?product=zuckerschnute-blaubeer-melone#breadcrumb","itemListElement":[{"@type":"ListItem","position":1,"name":"Home","item":"https:\/\/seifen-oper.ch\/"},{"@type":"ListItem","position":2,"name":"Shop","item":"https:\/\/seifen-oper.ch\/?page_id=12"},{"@type":"ListItem","position":3,"name":"&#171;Zuckerschnute&#187; Blaubeer Melone"}]},{"@type":"WebSite","@id":"https:\/\/seifen-oper.ch\/#website","url":"https:\/\/seifen-oper.ch\/","name":"Seifen Oper GmbH","description":"Kosmetik bester Qualit\u00e4t. Handgefertigt.","publisher":{"@id":"https:\/\/seifen-oper.ch\/#organization"},"potentialAction":[{"@type":"SearchAction","target":{"@type":"EntryPoint","urlTemplate":"https:\/\/seifen-oper.ch\/?s={search_term_string}"},"query-input":{"@type":"PropertyValueSpecification","valueRequired":true,"valueName":"search_term_string"}}],"inLanguage":"de-CH"},{"@type":"Organization","@id":"https:\/\/seifen-oper.ch\/#organization","name":"Seifen Oper GmbH","url":"https:\/\/seifen-oper.ch\/","logo":{"@type":"ImageObject","inLanguage":"de-CH","@id":"https:\/\/seifen-oper.ch\/#\/schema\/logo\/image\/","url":"https:\/\/seifen-oper.ch\/wp-content\/uploads\/2019\/06\/logo.seifen-oper450.txt.1.png","contentUrl":"https:\/\/seifen-oper.ch\/wp-content\/uploads\/2019\/06\/logo.seifen-oper450.txt.1.png","width":1835,"height":1635,"caption":"Seifen Oper GmbH"},"image":{"@id":"https:\/\/seifen-oper.ch\/#\/schema\/logo\/image\/"},"sameAs":["https:\/\/www.facebook.com\/SeifenOperGmbH","https:\/\/www.instagram.com\/explore\/locations\/1028758197\/seifen-oper\/"]}]}},"_links":{"self":[{"href":"https:\/\/seifen-oper.ch\/index.php?rest_route=\/wp\/v2\/product\/1212"}],"collection":[{"href":"https:\/\/seifen-oper.ch\/index.php?rest_route=\/wp\/v2\/product"}],"about":[{"href":"https:\/\/seifen-oper.ch\/index.php?rest_route=\/wp\/v2\/types\/product"}],"wp:featuredmedia":[{"embeddable":true,"href":"https:\/\/seifen-oper.ch\/index.php?rest_route=\/wp\/v2\/media\/3004"}],"wp:attachment":[{"href":"https:\/\/seifen-oper.ch\/index.php?rest_route=%2Fwp%2Fv2%2Fmedia&parent=1212"}],"wp:term":[{"taxonomy":"product_brand","embeddable":true,"href":"https:\/\/seifen-oper.ch\/index.php?rest_route=%2Fwp%2Fv2%2Fproduct_brand&post=1212"},{"taxonomy":"product_cat","embeddable":true,"href":"https:\/\/seifen-oper.ch\/index.php?rest_route=%2Fwp%2Fv2%2Fproduct_cat&post=1212"},{"taxonomy":"product_tag","embeddable":true,"href":"https:\/\/seifen-oper.ch\/index.php?rest_route=%2Fwp%2Fv2%2Fproduct_tag&post=1212"}],"curies":[{"name":"wp","href":"https:\/\/api.w.org\/{rel}","templated":true}]}}