{"id":1195,"date":"2019-06-17T11:39:09","date_gmt":"2019-06-17T11:39:09","guid":{"rendered":"https:\/\/seifen-oper.ch\/?product=volumenwunder-meersalzhaarseife"},"modified":"2020-12-25T15:13:58","modified_gmt":"2020-12-25T14:13:58","slug":"volumenwunder-meersalzhaarseife","status":"publish","type":"product","link":"https:\/\/seifen-oper.ch\/?product=volumenwunder-meersalzhaarseife","title":{"rendered":"&#171;Volumenwunder&#187; &#8211; Meersalzhaarseife"},"content":{"rendered":"<div style=\"text-align: center;\"><span style=\"color: #888888;\">Ein wundervolles Shampoo f\u00fcr gl\u00e4nzende Haare. Das Meersalz reguliert den Fetthaushalt und sorgt f\u00fcr frische luftige Haare. Pflegendes Kokos- &amp; Oliven\u00f6l verw\u00f6hnen und regenerieren und sind eine Wohltat f\u00fcr Haar und Kopfhaut. Das \u00e4th. Lavendel\u00f6l hilft Kopfhaut und Haar im Gleichgewicht zu halten und\u00a0Heilerde legt sich wie ein st\u00e4rkender Film um jedes Haar und gibt ihm Kraft. Dadurch erh\u00e4lt die Frisur mehr Volumen und die Haare lassen sich besser k\u00e4mmen. Tipp: Richtig gut auswaschen, nicht nur ein bisschen \ud83d\ude09<\/span><\/div>\n<div style=\"text-align: center;\"><\/div>\n<div style=\"text-align: center;\"><span style=\"color: #888888;\">100g \/ Sfr. 14.-<\/span><\/div>\n<div style=\"text-align: center;\"><\/div>\n<div style=\"text-align: center;\"><span style=\"color: #888888;\">INCI (Inhaltsstoffe):\u00a0Olea Europaea (Oliven\u00f6l),\u00a0Cocos Nucifera Oil (Kokosbutter),\u00a0Glycine soja (Soja\u00f6l),\u00a0Brassica campestris seed oil (Raps\u00f6l), Aqua,\u00a0Kaolin (Heilerde),\u00a0Maris Sal (Meersalz),\u00a0Lavandula angustifolia Oil (\u00e4th. Lavendel\u00f6l),\u00a0CI51319 (lila Farbpigment)<\/span><\/div>\n","protected":false},"excerpt":{"rendered":"<p>Meersalz-Lavendel-Heilerde Shampoo gegen fettiges Haar<\/p>\n","protected":false},"featured_media":1805,"template":"","meta":[],"product_brand":[],"product_cat":[19,24],"product_tag":[],"class_list":{"0":"post-1195","1":"product","2":"type-product","3":"status-publish","4":"has-post-thumbnail","6":"product_cat-haare","7":"product_cat-herren","9":"first","10":"instock","11":"shipping-taxable","12":"purchasable","13":"product-type-simple"},"yoast_head":"<!-- This site is optimized with the Yoast SEO plugin v25.6 - https:\/\/yoast.com\/wordpress\/plugins\/seo\/ -->\n<title>&quot;Volumenwunder&quot; - Meersalzhaarseife - Seifen Oper GmbH<\/title>\n<meta name=\"robots\" content=\"index, follow, max-snippet:-1, max-image-preview:large, max-video-preview:-1\" \/>\n<link rel=\"canonical\" href=\"https:\/\/seifen-oper.ch\/?product=volumenwunder-meersalzhaarseife\" \/>\n<meta property=\"og:locale\" content=\"de_DE\" \/>\n<meta property=\"og:type\" content=\"article\" \/>\n<meta property=\"og:title\" content=\"&quot;Volumenwunder&quot; - Meersalzhaarseife - Seifen Oper GmbH\" \/>\n<meta property=\"og:description\" content=\"Meersalz-Lavendel-Heilerde Shampoo gegen fettiges Haar\" \/>\n<meta property=\"og:url\" content=\"https:\/\/seifen-oper.ch\/?product=volumenwunder-meersalzhaarseife\" \/>\n<meta property=\"og:site_name\" content=\"Seifen Oper GmbH\" \/>\n<meta property=\"article:publisher\" content=\"https:\/\/www.facebook.com\/SeifenOperGmbH\" \/>\n<meta property=\"article:modified_time\" content=\"2020-12-25T14:13:58+00:00\" \/>\n<meta property=\"og:image\" content=\"https:\/\/seifen-oper.ch\/wp-content\/uploads\/2019\/06\/volumenwunder-1024x766.png\" \/>\n\t<meta property=\"og:image:width\" content=\"1024\" \/>\n\t<meta property=\"og:image:height\" content=\"766\" \/>\n\t<meta property=\"og:image:type\" content=\"image\/png\" \/>\n<meta name=\"twitter:card\" content=\"summary_large_image\" \/>\n<meta name=\"twitter:label1\" content=\"Gesch\u00e4tzte Lesezeit\" \/>\n\t<meta name=\"twitter:data1\" content=\"1 Minute\" \/>\n<script type=\"application\/ld+json\" class=\"yoast-schema-graph\">{\"@context\":\"https:\/\/schema.org\",\"@graph\":[{\"@type\":\"WebPage\",\"@id\":\"https:\/\/seifen-oper.ch\/?product=volumenwunder-meersalzhaarseife\",\"url\":\"https:\/\/seifen-oper.ch\/?product=volumenwunder-meersalzhaarseife\",\"name\":\"\\\"Volumenwunder\\\" - Meersalzhaarseife - Seifen Oper GmbH\",\"isPartOf\":{\"@id\":\"https:\/\/seifen-oper.ch\/#website\"},\"primaryImageOfPage\":{\"@id\":\"https:\/\/seifen-oper.ch\/?product=volumenwunder-meersalzhaarseife#primaryimage\"},\"image\":{\"@id\":\"https:\/\/seifen-oper.ch\/?product=volumenwunder-meersalzhaarseife#primaryimage\"},\"thumbnailUrl\":\"https:\/\/seifen-oper.ch\/wp-content\/uploads\/2019\/06\/volumenwunder.png\",\"datePublished\":\"2019-06-17T11:39:09+00:00\",\"dateModified\":\"2020-12-25T14:13:58+00:00\",\"breadcrumb\":{\"@id\":\"https:\/\/seifen-oper.ch\/?product=volumenwunder-meersalzhaarseife#breadcrumb\"},\"inLanguage\":\"de-CH\",\"potentialAction\":[{\"@type\":\"ReadAction\",\"target\":[\"https:\/\/seifen-oper.ch\/?product=volumenwunder-meersalzhaarseife\"]}]},{\"@type\":\"ImageObject\",\"inLanguage\":\"de-CH\",\"@id\":\"https:\/\/seifen-oper.ch\/?product=volumenwunder-meersalzhaarseife#primaryimage\",\"url\":\"https:\/\/seifen-oper.ch\/wp-content\/uploads\/2019\/06\/volumenwunder.png\",\"contentUrl\":\"https:\/\/seifen-oper.ch\/wp-content\/uploads\/2019\/06\/volumenwunder.png\",\"width\":2283,\"height\":1707},{\"@type\":\"BreadcrumbList\",\"@id\":\"https:\/\/seifen-oper.ch\/?product=volumenwunder-meersalzhaarseife#breadcrumb\",\"itemListElement\":[{\"@type\":\"ListItem\",\"position\":1,\"name\":\"Home\",\"item\":\"https:\/\/seifen-oper.ch\/\"},{\"@type\":\"ListItem\",\"position\":2,\"name\":\"Shop\",\"item\":\"https:\/\/seifen-oper.ch\/?page_id=12\"},{\"@type\":\"ListItem\",\"position\":3,\"name\":\"&#171;Volumenwunder&#187; &#8211; Meersalzhaarseife\"}]},{\"@type\":\"WebSite\",\"@id\":\"https:\/\/seifen-oper.ch\/#website\",\"url\":\"https:\/\/seifen-oper.ch\/\",\"name\":\"Seifen Oper GmbH\",\"description\":\"Kosmetik bester Qualit\u00e4t. Handgefertigt.\",\"publisher\":{\"@id\":\"https:\/\/seifen-oper.ch\/#organization\"},\"potentialAction\":[{\"@type\":\"SearchAction\",\"target\":{\"@type\":\"EntryPoint\",\"urlTemplate\":\"https:\/\/seifen-oper.ch\/?s={search_term_string}\"},\"query-input\":{\"@type\":\"PropertyValueSpecification\",\"valueRequired\":true,\"valueName\":\"search_term_string\"}}],\"inLanguage\":\"de-CH\"},{\"@type\":\"Organization\",\"@id\":\"https:\/\/seifen-oper.ch\/#organization\",\"name\":\"Seifen Oper GmbH\",\"url\":\"https:\/\/seifen-oper.ch\/\",\"logo\":{\"@type\":\"ImageObject\",\"inLanguage\":\"de-CH\",\"@id\":\"https:\/\/seifen-oper.ch\/#\/schema\/logo\/image\/\",\"url\":\"https:\/\/seifen-oper.ch\/wp-content\/uploads\/2019\/06\/logo.seifen-oper450.txt.1.png\",\"contentUrl\":\"https:\/\/seifen-oper.ch\/wp-content\/uploads\/2019\/06\/logo.seifen-oper450.txt.1.png\",\"width\":1835,\"height\":1635,\"caption\":\"Seifen Oper GmbH\"},\"image\":{\"@id\":\"https:\/\/seifen-oper.ch\/#\/schema\/logo\/image\/\"},\"sameAs\":[\"https:\/\/www.facebook.com\/SeifenOperGmbH\",\"https:\/\/www.instagram.com\/explore\/locations\/1028758197\/seifen-oper\/\"]}]}<\/script>\n<!-- \/ Yoast SEO plugin. -->","yoast_head_json":{"title":"\"Volumenwunder\" - Meersalzhaarseife - Seifen Oper GmbH","robots":{"index":"index","follow":"follow","max-snippet":"max-snippet:-1","max-image-preview":"max-image-preview:large","max-video-preview":"max-video-preview:-1"},"canonical":"https:\/\/seifen-oper.ch\/?product=volumenwunder-meersalzhaarseife","og_locale":"de_DE","og_type":"article","og_title":"\"Volumenwunder\" - Meersalzhaarseife - Seifen Oper GmbH","og_description":"Meersalz-Lavendel-Heilerde Shampoo gegen fettiges Haar","og_url":"https:\/\/seifen-oper.ch\/?product=volumenwunder-meersalzhaarseife","og_site_name":"Seifen Oper GmbH","article_publisher":"https:\/\/www.facebook.com\/SeifenOperGmbH","article_modified_time":"2020-12-25T14:13:58+00:00","og_image":[{"width":1024,"height":766,"url":"https:\/\/seifen-oper.ch\/wp-content\/uploads\/2019\/06\/volumenwunder-1024x766.png","type":"image\/png"}],"twitter_card":"summary_large_image","twitter_misc":{"Gesch\u00e4tzte Lesezeit":"1 Minute"},"schema":{"@context":"https:\/\/schema.org","@graph":[{"@type":"WebPage","@id":"https:\/\/seifen-oper.ch\/?product=volumenwunder-meersalzhaarseife","url":"https:\/\/seifen-oper.ch\/?product=volumenwunder-meersalzhaarseife","name":"\"Volumenwunder\" - Meersalzhaarseife - Seifen Oper GmbH","isPartOf":{"@id":"https:\/\/seifen-oper.ch\/#website"},"primaryImageOfPage":{"@id":"https:\/\/seifen-oper.ch\/?product=volumenwunder-meersalzhaarseife#primaryimage"},"image":{"@id":"https:\/\/seifen-oper.ch\/?product=volumenwunder-meersalzhaarseife#primaryimage"},"thumbnailUrl":"https:\/\/seifen-oper.ch\/wp-content\/uploads\/2019\/06\/volumenwunder.png","datePublished":"2019-06-17T11:39:09+00:00","dateModified":"2020-12-25T14:13:58+00:00","breadcrumb":{"@id":"https:\/\/seifen-oper.ch\/?product=volumenwunder-meersalzhaarseife#breadcrumb"},"inLanguage":"de-CH","potentialAction":[{"@type":"ReadAction","target":["https:\/\/seifen-oper.ch\/?product=volumenwunder-meersalzhaarseife"]}]},{"@type":"ImageObject","inLanguage":"de-CH","@id":"https:\/\/seifen-oper.ch\/?product=volumenwunder-meersalzhaarseife#primaryimage","url":"https:\/\/seifen-oper.ch\/wp-content\/uploads\/2019\/06\/volumenwunder.png","contentUrl":"https:\/\/seifen-oper.ch\/wp-content\/uploads\/2019\/06\/volumenwunder.png","width":2283,"height":1707},{"@type":"BreadcrumbList","@id":"https:\/\/seifen-oper.ch\/?product=volumenwunder-meersalzhaarseife#breadcrumb","itemListElement":[{"@type":"ListItem","position":1,"name":"Home","item":"https:\/\/seifen-oper.ch\/"},{"@type":"ListItem","position":2,"name":"Shop","item":"https:\/\/seifen-oper.ch\/?page_id=12"},{"@type":"ListItem","position":3,"name":"&#171;Volumenwunder&#187; &#8211; Meersalzhaarseife"}]},{"@type":"WebSite","@id":"https:\/\/seifen-oper.ch\/#website","url":"https:\/\/seifen-oper.ch\/","name":"Seifen Oper GmbH","description":"Kosmetik bester Qualit\u00e4t. Handgefertigt.","publisher":{"@id":"https:\/\/seifen-oper.ch\/#organization"},"potentialAction":[{"@type":"SearchAction","target":{"@type":"EntryPoint","urlTemplate":"https:\/\/seifen-oper.ch\/?s={search_term_string}"},"query-input":{"@type":"PropertyValueSpecification","valueRequired":true,"valueName":"search_term_string"}}],"inLanguage":"de-CH"},{"@type":"Organization","@id":"https:\/\/seifen-oper.ch\/#organization","name":"Seifen Oper GmbH","url":"https:\/\/seifen-oper.ch\/","logo":{"@type":"ImageObject","inLanguage":"de-CH","@id":"https:\/\/seifen-oper.ch\/#\/schema\/logo\/image\/","url":"https:\/\/seifen-oper.ch\/wp-content\/uploads\/2019\/06\/logo.seifen-oper450.txt.1.png","contentUrl":"https:\/\/seifen-oper.ch\/wp-content\/uploads\/2019\/06\/logo.seifen-oper450.txt.1.png","width":1835,"height":1635,"caption":"Seifen Oper GmbH"},"image":{"@id":"https:\/\/seifen-oper.ch\/#\/schema\/logo\/image\/"},"sameAs":["https:\/\/www.facebook.com\/SeifenOperGmbH","https:\/\/www.instagram.com\/explore\/locations\/1028758197\/seifen-oper\/"]}]}},"_links":{"self":[{"href":"https:\/\/seifen-oper.ch\/index.php?rest_route=\/wp\/v2\/product\/1195"}],"collection":[{"href":"https:\/\/seifen-oper.ch\/index.php?rest_route=\/wp\/v2\/product"}],"about":[{"href":"https:\/\/seifen-oper.ch\/index.php?rest_route=\/wp\/v2\/types\/product"}],"wp:featuredmedia":[{"embeddable":true,"href":"https:\/\/seifen-oper.ch\/index.php?rest_route=\/wp\/v2\/media\/1805"}],"wp:attachment":[{"href":"https:\/\/seifen-oper.ch\/index.php?rest_route=%2Fwp%2Fv2%2Fmedia&parent=1195"}],"wp:term":[{"taxonomy":"product_brand","embeddable":true,"href":"https:\/\/seifen-oper.ch\/index.php?rest_route=%2Fwp%2Fv2%2Fproduct_brand&post=1195"},{"taxonomy":"product_cat","embeddable":true,"href":"https:\/\/seifen-oper.ch\/index.php?rest_route=%2Fwp%2Fv2%2Fproduct_cat&post=1195"},{"taxonomy":"product_tag","embeddable":true,"href":"https:\/\/seifen-oper.ch\/index.php?rest_route=%2Fwp%2Fv2%2Fproduct_tag&post=1195"}],"curies":[{"name":"wp","href":"https:\/\/api.w.org\/{rel}","templated":true}]}}