{"id":119,"date":"2019-06-17T11:36:49","date_gmt":"2019-06-17T11:36:49","guid":{"rendered":"https:\/\/seifen-oper.ch\/?product=rosalinchen-parfumol"},"modified":"2020-11-28T00:10:09","modified_gmt":"2020-11-27T23:10:09","slug":"rosalinchen-parfumol","status":"publish","type":"product","link":"https:\/\/seifen-oper.ch\/?product=rosalinchen-parfumol","title":{"rendered":"&#171;Rosalinchen&#187; Parf\u00fcm\u00f6l"},"content":{"rendered":"<p style=\"text-align: center;\"><span style=\"color: #888888;\">Dieses Parf\u00fcm\u00f6l verk\u00f6rpert den sinnlichen Duft der k\u00f6niglichen Blume, ihre St\u00e4rke und Finesse. <\/span><\/p>\n<p style=\"text-align: center;\"><span style=\"color: #888888;\">ohne Konservierungsstoffe, ohne Alkohol<\/span><\/p>\n<p style=\"text-align: center;\"><span style=\"color: #888888;\">Inhaltsstoffe:\u00a0INCI:\u00a0Glycine soja\u00a0(Soja\u00f6l),\u00a0Brassica campestris seed oil\u00a0(Raps\u00f6l), Rosa Damascena (\u00e4th. Rosen\u00f6l)<\/span><\/p>\n<p style=\"text-align: center;\"><span style=\"color: #888888;\">10ml \/ Sfr. 18.-<\/span><\/p>\n","protected":false},"excerpt":{"rendered":"<p>sinnliches Rosenparf\u00fcm\u00f6l im praktischen Roll-On Fl\u00e4schchen<\/p>\n","protected":false},"featured_media":1766,"template":"","meta":[],"product_brand":[],"product_cat":[30],"product_tag":[],"class_list":{"0":"post-119","1":"product","2":"type-product","3":"status-publish","4":"has-post-thumbnail","6":"product_cat-parfums","8":"first","9":"instock","10":"shipping-taxable","11":"purchasable","12":"product-type-simple"},"yoast_head":"<!-- This site is optimized with the Yoast SEO plugin v25.6 - https:\/\/yoast.com\/wordpress\/plugins\/seo\/ -->\n<title>&quot;Rosalinchen&quot; Parf\u00fcm\u00f6l - Seifen Oper GmbH<\/title>\n<meta name=\"robots\" content=\"index, follow, max-snippet:-1, max-image-preview:large, max-video-preview:-1\" \/>\n<link rel=\"canonical\" href=\"https:\/\/seifen-oper.ch\/?product=rosalinchen-parfumol\" \/>\n<meta property=\"og:locale\" content=\"de_DE\" \/>\n<meta property=\"og:type\" content=\"article\" \/>\n<meta property=\"og:title\" content=\"&quot;Rosalinchen&quot; Parf\u00fcm\u00f6l - Seifen Oper GmbH\" \/>\n<meta property=\"og:description\" content=\"sinnliches Rosenparf\u00fcm\u00f6l im praktischen Roll-On Fl\u00e4schchen\" \/>\n<meta property=\"og:url\" content=\"https:\/\/seifen-oper.ch\/?product=rosalinchen-parfumol\" \/>\n<meta property=\"og:site_name\" content=\"Seifen Oper GmbH\" \/>\n<meta property=\"article:publisher\" content=\"https:\/\/www.facebook.com\/SeifenOperGmbH\" \/>\n<meta property=\"article:modified_time\" content=\"2020-11-27T23:10:09+00:00\" \/>\n<meta property=\"og:image\" content=\"https:\/\/seifen-oper.ch\/wp-content\/uploads\/2019\/06\/Rosalinchen-Foto.png\" \/>\n\t<meta property=\"og:image:width\" content=\"460\" \/>\n\t<meta property=\"og:image:height\" content=\"755\" \/>\n\t<meta property=\"og:image:type\" content=\"image\/png\" \/>\n<meta name=\"twitter:card\" content=\"summary_large_image\" \/>\n<script type=\"application\/ld+json\" class=\"yoast-schema-graph\">{\"@context\":\"https:\/\/schema.org\",\"@graph\":[{\"@type\":\"WebPage\",\"@id\":\"https:\/\/seifen-oper.ch\/?product=rosalinchen-parfumol\",\"url\":\"https:\/\/seifen-oper.ch\/?product=rosalinchen-parfumol\",\"name\":\"\\\"Rosalinchen\\\" Parf\u00fcm\u00f6l - Seifen Oper GmbH\",\"isPartOf\":{\"@id\":\"https:\/\/seifen-oper.ch\/#website\"},\"primaryImageOfPage\":{\"@id\":\"https:\/\/seifen-oper.ch\/?product=rosalinchen-parfumol#primaryimage\"},\"image\":{\"@id\":\"https:\/\/seifen-oper.ch\/?product=rosalinchen-parfumol#primaryimage\"},\"thumbnailUrl\":\"https:\/\/seifen-oper.ch\/wp-content\/uploads\/2019\/06\/Rosalinchen-Foto.png\",\"datePublished\":\"2019-06-17T11:36:49+00:00\",\"dateModified\":\"2020-11-27T23:10:09+00:00\",\"breadcrumb\":{\"@id\":\"https:\/\/seifen-oper.ch\/?product=rosalinchen-parfumol#breadcrumb\"},\"inLanguage\":\"de-CH\",\"potentialAction\":[{\"@type\":\"ReadAction\",\"target\":[\"https:\/\/seifen-oper.ch\/?product=rosalinchen-parfumol\"]}]},{\"@type\":\"ImageObject\",\"inLanguage\":\"de-CH\",\"@id\":\"https:\/\/seifen-oper.ch\/?product=rosalinchen-parfumol#primaryimage\",\"url\":\"https:\/\/seifen-oper.ch\/wp-content\/uploads\/2019\/06\/Rosalinchen-Foto.png\",\"contentUrl\":\"https:\/\/seifen-oper.ch\/wp-content\/uploads\/2019\/06\/Rosalinchen-Foto.png\",\"width\":460,\"height\":755},{\"@type\":\"BreadcrumbList\",\"@id\":\"https:\/\/seifen-oper.ch\/?product=rosalinchen-parfumol#breadcrumb\",\"itemListElement\":[{\"@type\":\"ListItem\",\"position\":1,\"name\":\"Home\",\"item\":\"https:\/\/seifen-oper.ch\/\"},{\"@type\":\"ListItem\",\"position\":2,\"name\":\"Shop\",\"item\":\"https:\/\/seifen-oper.ch\/?page_id=12\"},{\"@type\":\"ListItem\",\"position\":3,\"name\":\"&#171;Rosalinchen&#187; Parf\u00fcm\u00f6l\"}]},{\"@type\":\"WebSite\",\"@id\":\"https:\/\/seifen-oper.ch\/#website\",\"url\":\"https:\/\/seifen-oper.ch\/\",\"name\":\"Seifen Oper GmbH\",\"description\":\"Kosmetik bester Qualit\u00e4t. Handgefertigt.\",\"publisher\":{\"@id\":\"https:\/\/seifen-oper.ch\/#organization\"},\"potentialAction\":[{\"@type\":\"SearchAction\",\"target\":{\"@type\":\"EntryPoint\",\"urlTemplate\":\"https:\/\/seifen-oper.ch\/?s={search_term_string}\"},\"query-input\":{\"@type\":\"PropertyValueSpecification\",\"valueRequired\":true,\"valueName\":\"search_term_string\"}}],\"inLanguage\":\"de-CH\"},{\"@type\":\"Organization\",\"@id\":\"https:\/\/seifen-oper.ch\/#organization\",\"name\":\"Seifen Oper GmbH\",\"url\":\"https:\/\/seifen-oper.ch\/\",\"logo\":{\"@type\":\"ImageObject\",\"inLanguage\":\"de-CH\",\"@id\":\"https:\/\/seifen-oper.ch\/#\/schema\/logo\/image\/\",\"url\":\"https:\/\/seifen-oper.ch\/wp-content\/uploads\/2019\/06\/logo.seifen-oper450.txt.1.png\",\"contentUrl\":\"https:\/\/seifen-oper.ch\/wp-content\/uploads\/2019\/06\/logo.seifen-oper450.txt.1.png\",\"width\":1835,\"height\":1635,\"caption\":\"Seifen Oper GmbH\"},\"image\":{\"@id\":\"https:\/\/seifen-oper.ch\/#\/schema\/logo\/image\/\"},\"sameAs\":[\"https:\/\/www.facebook.com\/SeifenOperGmbH\",\"https:\/\/www.instagram.com\/explore\/locations\/1028758197\/seifen-oper\/\"]}]}<\/script>\n<!-- \/ Yoast SEO plugin. -->","yoast_head_json":{"title":"\"Rosalinchen\" Parf\u00fcm\u00f6l - Seifen Oper GmbH","robots":{"index":"index","follow":"follow","max-snippet":"max-snippet:-1","max-image-preview":"max-image-preview:large","max-video-preview":"max-video-preview:-1"},"canonical":"https:\/\/seifen-oper.ch\/?product=rosalinchen-parfumol","og_locale":"de_DE","og_type":"article","og_title":"\"Rosalinchen\" Parf\u00fcm\u00f6l - Seifen Oper GmbH","og_description":"sinnliches Rosenparf\u00fcm\u00f6l im praktischen Roll-On Fl\u00e4schchen","og_url":"https:\/\/seifen-oper.ch\/?product=rosalinchen-parfumol","og_site_name":"Seifen Oper GmbH","article_publisher":"https:\/\/www.facebook.com\/SeifenOperGmbH","article_modified_time":"2020-11-27T23:10:09+00:00","og_image":[{"width":460,"height":755,"url":"https:\/\/seifen-oper.ch\/wp-content\/uploads\/2019\/06\/Rosalinchen-Foto.png","type":"image\/png"}],"twitter_card":"summary_large_image","schema":{"@context":"https:\/\/schema.org","@graph":[{"@type":"WebPage","@id":"https:\/\/seifen-oper.ch\/?product=rosalinchen-parfumol","url":"https:\/\/seifen-oper.ch\/?product=rosalinchen-parfumol","name":"\"Rosalinchen\" Parf\u00fcm\u00f6l - Seifen Oper GmbH","isPartOf":{"@id":"https:\/\/seifen-oper.ch\/#website"},"primaryImageOfPage":{"@id":"https:\/\/seifen-oper.ch\/?product=rosalinchen-parfumol#primaryimage"},"image":{"@id":"https:\/\/seifen-oper.ch\/?product=rosalinchen-parfumol#primaryimage"},"thumbnailUrl":"https:\/\/seifen-oper.ch\/wp-content\/uploads\/2019\/06\/Rosalinchen-Foto.png","datePublished":"2019-06-17T11:36:49+00:00","dateModified":"2020-11-27T23:10:09+00:00","breadcrumb":{"@id":"https:\/\/seifen-oper.ch\/?product=rosalinchen-parfumol#breadcrumb"},"inLanguage":"de-CH","potentialAction":[{"@type":"ReadAction","target":["https:\/\/seifen-oper.ch\/?product=rosalinchen-parfumol"]}]},{"@type":"ImageObject","inLanguage":"de-CH","@id":"https:\/\/seifen-oper.ch\/?product=rosalinchen-parfumol#primaryimage","url":"https:\/\/seifen-oper.ch\/wp-content\/uploads\/2019\/06\/Rosalinchen-Foto.png","contentUrl":"https:\/\/seifen-oper.ch\/wp-content\/uploads\/2019\/06\/Rosalinchen-Foto.png","width":460,"height":755},{"@type":"BreadcrumbList","@id":"https:\/\/seifen-oper.ch\/?product=rosalinchen-parfumol#breadcrumb","itemListElement":[{"@type":"ListItem","position":1,"name":"Home","item":"https:\/\/seifen-oper.ch\/"},{"@type":"ListItem","position":2,"name":"Shop","item":"https:\/\/seifen-oper.ch\/?page_id=12"},{"@type":"ListItem","position":3,"name":"&#171;Rosalinchen&#187; Parf\u00fcm\u00f6l"}]},{"@type":"WebSite","@id":"https:\/\/seifen-oper.ch\/#website","url":"https:\/\/seifen-oper.ch\/","name":"Seifen Oper GmbH","description":"Kosmetik bester Qualit\u00e4t. Handgefertigt.","publisher":{"@id":"https:\/\/seifen-oper.ch\/#organization"},"potentialAction":[{"@type":"SearchAction","target":{"@type":"EntryPoint","urlTemplate":"https:\/\/seifen-oper.ch\/?s={search_term_string}"},"query-input":{"@type":"PropertyValueSpecification","valueRequired":true,"valueName":"search_term_string"}}],"inLanguage":"de-CH"},{"@type":"Organization","@id":"https:\/\/seifen-oper.ch\/#organization","name":"Seifen Oper GmbH","url":"https:\/\/seifen-oper.ch\/","logo":{"@type":"ImageObject","inLanguage":"de-CH","@id":"https:\/\/seifen-oper.ch\/#\/schema\/logo\/image\/","url":"https:\/\/seifen-oper.ch\/wp-content\/uploads\/2019\/06\/logo.seifen-oper450.txt.1.png","contentUrl":"https:\/\/seifen-oper.ch\/wp-content\/uploads\/2019\/06\/logo.seifen-oper450.txt.1.png","width":1835,"height":1635,"caption":"Seifen Oper GmbH"},"image":{"@id":"https:\/\/seifen-oper.ch\/#\/schema\/logo\/image\/"},"sameAs":["https:\/\/www.facebook.com\/SeifenOperGmbH","https:\/\/www.instagram.com\/explore\/locations\/1028758197\/seifen-oper\/"]}]}},"_links":{"self":[{"href":"https:\/\/seifen-oper.ch\/index.php?rest_route=\/wp\/v2\/product\/119"}],"collection":[{"href":"https:\/\/seifen-oper.ch\/index.php?rest_route=\/wp\/v2\/product"}],"about":[{"href":"https:\/\/seifen-oper.ch\/index.php?rest_route=\/wp\/v2\/types\/product"}],"wp:featuredmedia":[{"embeddable":true,"href":"https:\/\/seifen-oper.ch\/index.php?rest_route=\/wp\/v2\/media\/1766"}],"wp:attachment":[{"href":"https:\/\/seifen-oper.ch\/index.php?rest_route=%2Fwp%2Fv2%2Fmedia&parent=119"}],"wp:term":[{"taxonomy":"product_brand","embeddable":true,"href":"https:\/\/seifen-oper.ch\/index.php?rest_route=%2Fwp%2Fv2%2Fproduct_brand&post=119"},{"taxonomy":"product_cat","embeddable":true,"href":"https:\/\/seifen-oper.ch\/index.php?rest_route=%2Fwp%2Fv2%2Fproduct_cat&post=119"},{"taxonomy":"product_tag","embeddable":true,"href":"https:\/\/seifen-oper.ch\/index.php?rest_route=%2Fwp%2Fv2%2Fproduct_tag&post=119"}],"curies":[{"name":"wp","href":"https:\/\/api.w.org\/{rel}","templated":true}]}}