{"id":1167,"date":"2019-06-17T11:39:04","date_gmt":"2019-06-17T11:39:04","guid":{"rendered":"https:\/\/seifen-oper.ch\/?product=ausgezeichnet-mango-grapefruit-spulung"},"modified":"2022-01-27T18:18:25","modified_gmt":"2022-01-27T17:18:25","slug":"ausgezeichnet-mango-grapefruit-spulung","status":"publish","type":"product","link":"https:\/\/seifen-oper.ch\/?product=ausgezeichnet-mango-grapefruit-spulung","title":{"rendered":"&#171;Ausgezeichnet&#187; Mango-Grapefruit Sp\u00fclung"},"content":{"rendered":"<p style=\"text-align: center;\">&#171;Ausgezeichnet&#187;, auf der Basis von <b>Oliven\u00f6l<\/b> und <b>Kokosbutter<\/b>, ist ein rein pflanzlicher Haarconditioner OHNE Konservierungsstoffe, Silikone und Parabene. Wenn Sie eine pflegende Haarsp\u00fclung suchen, die frei von Chemikalien ist, und auch noch unwiderstehlich duftet, dann ist unser &#171;Ausgezeichnet&#187;-Conditioner Ihre Wahl.<\/p>\n<p style=\"text-align: center;\">&#171;Ausgezeichnet&#187; eignet sich f\u00fcr alle Haartypen.\u00a0Speziell f\u00fcr trockenes und strapaziertes Haar. Verleiht Ihrem Haar F\u00fclle, Volumen, Geschmeidigkeit, Glanz und macht es leicht k\u00e4mmbar. Zudem gibt es unseren tollen Conditioner in div. Duftrichtungen, so dass f\u00fcr jeden etwas dabei ist.<\/p>\n<p style=\"text-align: center;\">Hier haben Sie erfrischend, fruchtigen Mango-Grapefruitduft.\u00a0Verzaubern Sie Ihr Haar mit diesem Duft, der s\u00fcss und fruchtig von der Mango und doch leicht herb, erfrischend mit der Zitrus-Note der Grapefruit ist.<\/p>\n<p style=\"text-align: center;\">&#171;Ausgezeichnet&#187; ist eine Pflegesp\u00fclung, die nach dem Waschen &#8211; am besten mit einem unserer &#171;SEHR GUT- Shampoos&#187;- auf die Haare aufgetragen wird, um ihnen Geschmeidigkeit und Glanz zu verleihen.<\/p>\n<p style=\"text-align: center;\">Das enthaltene Kokos\u00f6l legt sich wie ein sch\u00fctzender Film um das Haar und es f\u00fchlt sich ges\u00fcnder und weicher an. Das Ergebnis: Gesunde, seidig gl\u00e4nzende Haare. Kokos\u00f6l ist schon seit Jahrhunderten f\u00fcr seine positive Wirkung in der Haarpflege bekannt. Der Beauty-Joker des Kokos\u00f6ls ist \u00fcbrigens Laurins\u00e4ure, die neben zahlreichen ges\u00e4ttigten Fetts\u00e4uren, der wichtigste Inhaltsstoff des Sch\u00f6nheits-Elixiers ist.<\/p>\n<p style=\"text-align: center;\"><b>Anwendung<\/b>: Geben Sie &#171;Ausgezeichnet&#187; nach dem Waschen auf die nassen Haarspitzen und -l\u00e4ngen und massieren Sie es kurz ein. Wenn Sie m\u00f6chten, k\u00f6nnen Sie das Haar jetzt durchk\u00e4mmen. Danach sp\u00fclen Sie den Conditioner wieder aus.<\/p>\n<p style=\"text-align: center;\">Ah&#8230;warum unser Haarconditioner &#171;Ausgezeichnet&#187; heisst, m\u00fcssen wir nicht erkl\u00e4ren oder? \ud83d\ude09<\/p>\n<p style=\"text-align: center;\">200 ml \/ Sfr. 29.-<\/p>\n<p style=\"text-align: center;\">INCI (Inhaltsstoffe): Olea Europaea (Oliven\u00f6l), Cocos Nucifera Oil (Kokos\u00f6l), Aqua, Sodium Cetearyl Sulfate (Emulgator), Parf\u00fcm<\/p>\n","protected":false},"excerpt":{"rendered":"<p>Oliven\u00f6l-Kokosbutter Haarconditioner mit Mango-Grapefruitduft.<\/p>\n","protected":false},"featured_media":3260,"template":"","meta":[],"product_brand":[],"product_cat":[19],"product_tag":[264,269,265,55,267,268,128,266,130],"class_list":{"0":"post-1167","1":"product","2":"type-product","3":"status-publish","4":"has-post-thumbnail","6":"product_cat-haare","7":"product_tag-conditioner","8":"product_tag-grapefruitduft","9":"product_tag-haarpflege","10":"product_tag-kokosbutter","11":"product_tag-mango-grapefruit","12":"product_tag-mangoduft","13":"product_tag-ohne-konservierungsstoffe","14":"product_tag-ohne-silikone","15":"product_tag-olivenoel","17":"first","18":"instock","19":"shipping-taxable","20":"purchasable","21":"product-type-simple"},"yoast_head":"<!-- This site is optimized with the Yoast SEO plugin v25.6 - https:\/\/yoast.com\/wordpress\/plugins\/seo\/ -->\n<title>&quot;Ausgezeichnet&quot; Mango-Grapefruit Sp\u00fclung - Seifen Oper GmbH<\/title>\n<meta name=\"robots\" content=\"index, follow, max-snippet:-1, max-image-preview:large, max-video-preview:-1\" \/>\n<link rel=\"canonical\" href=\"https:\/\/seifen-oper.ch\/?product=ausgezeichnet-mango-grapefruit-spulung\" \/>\n<meta property=\"og:locale\" content=\"de_DE\" \/>\n<meta property=\"og:type\" content=\"article\" \/>\n<meta property=\"og:title\" content=\"&quot;Ausgezeichnet&quot; Mango-Grapefruit Sp\u00fclung - Seifen Oper GmbH\" \/>\n<meta property=\"og:description\" content=\"Oliven\u00f6l-Kokosbutter Haarconditioner mit Mango-Grapefruitduft.\" \/>\n<meta property=\"og:url\" content=\"https:\/\/seifen-oper.ch\/?product=ausgezeichnet-mango-grapefruit-spulung\" \/>\n<meta property=\"og:site_name\" content=\"Seifen Oper GmbH\" \/>\n<meta property=\"article:publisher\" content=\"https:\/\/www.facebook.com\/SeifenOperGmbH\" \/>\n<meta property=\"article:modified_time\" content=\"2022-01-27T17:18:25+00:00\" \/>\n<meta property=\"og:image\" content=\"https:\/\/seifen-oper.ch\/wp-content\/uploads\/2019\/06\/mango.png\" \/>\n\t<meta property=\"og:image:width\" content=\"480\" \/>\n\t<meta property=\"og:image:height\" content=\"709\" \/>\n\t<meta property=\"og:image:type\" content=\"image\/png\" \/>\n<meta name=\"twitter:card\" content=\"summary_large_image\" \/>\n<meta name=\"twitter:label1\" content=\"Gesch\u00e4tzte Lesezeit\" \/>\n\t<meta name=\"twitter:data1\" content=\"2 Minuten\" \/>\n<script type=\"application\/ld+json\" class=\"yoast-schema-graph\">{\"@context\":\"https:\/\/schema.org\",\"@graph\":[{\"@type\":\"WebPage\",\"@id\":\"https:\/\/seifen-oper.ch\/?product=ausgezeichnet-mango-grapefruit-spulung\",\"url\":\"https:\/\/seifen-oper.ch\/?product=ausgezeichnet-mango-grapefruit-spulung\",\"name\":\"\\\"Ausgezeichnet\\\" Mango-Grapefruit Sp\u00fclung - Seifen Oper GmbH\",\"isPartOf\":{\"@id\":\"https:\/\/seifen-oper.ch\/#website\"},\"primaryImageOfPage\":{\"@id\":\"https:\/\/seifen-oper.ch\/?product=ausgezeichnet-mango-grapefruit-spulung#primaryimage\"},\"image\":{\"@id\":\"https:\/\/seifen-oper.ch\/?product=ausgezeichnet-mango-grapefruit-spulung#primaryimage\"},\"thumbnailUrl\":\"https:\/\/seifen-oper.ch\/wp-content\/uploads\/2019\/06\/mango.png\",\"datePublished\":\"2019-06-17T11:39:04+00:00\",\"dateModified\":\"2022-01-27T17:18:25+00:00\",\"breadcrumb\":{\"@id\":\"https:\/\/seifen-oper.ch\/?product=ausgezeichnet-mango-grapefruit-spulung#breadcrumb\"},\"inLanguage\":\"de-CH\",\"potentialAction\":[{\"@type\":\"ReadAction\",\"target\":[\"https:\/\/seifen-oper.ch\/?product=ausgezeichnet-mango-grapefruit-spulung\"]}]},{\"@type\":\"ImageObject\",\"inLanguage\":\"de-CH\",\"@id\":\"https:\/\/seifen-oper.ch\/?product=ausgezeichnet-mango-grapefruit-spulung#primaryimage\",\"url\":\"https:\/\/seifen-oper.ch\/wp-content\/uploads\/2019\/06\/mango.png\",\"contentUrl\":\"https:\/\/seifen-oper.ch\/wp-content\/uploads\/2019\/06\/mango.png\",\"width\":480,\"height\":709},{\"@type\":\"BreadcrumbList\",\"@id\":\"https:\/\/seifen-oper.ch\/?product=ausgezeichnet-mango-grapefruit-spulung#breadcrumb\",\"itemListElement\":[{\"@type\":\"ListItem\",\"position\":1,\"name\":\"Home\",\"item\":\"https:\/\/seifen-oper.ch\/\"},{\"@type\":\"ListItem\",\"position\":2,\"name\":\"Shop\",\"item\":\"https:\/\/seifen-oper.ch\/?page_id=12\"},{\"@type\":\"ListItem\",\"position\":3,\"name\":\"&#171;Ausgezeichnet&#187; Mango-Grapefruit Sp\u00fclung\"}]},{\"@type\":\"WebSite\",\"@id\":\"https:\/\/seifen-oper.ch\/#website\",\"url\":\"https:\/\/seifen-oper.ch\/\",\"name\":\"Seifen Oper GmbH\",\"description\":\"Kosmetik bester Qualit\u00e4t. Handgefertigt.\",\"publisher\":{\"@id\":\"https:\/\/seifen-oper.ch\/#organization\"},\"potentialAction\":[{\"@type\":\"SearchAction\",\"target\":{\"@type\":\"EntryPoint\",\"urlTemplate\":\"https:\/\/seifen-oper.ch\/?s={search_term_string}\"},\"query-input\":{\"@type\":\"PropertyValueSpecification\",\"valueRequired\":true,\"valueName\":\"search_term_string\"}}],\"inLanguage\":\"de-CH\"},{\"@type\":\"Organization\",\"@id\":\"https:\/\/seifen-oper.ch\/#organization\",\"name\":\"Seifen Oper GmbH\",\"url\":\"https:\/\/seifen-oper.ch\/\",\"logo\":{\"@type\":\"ImageObject\",\"inLanguage\":\"de-CH\",\"@id\":\"https:\/\/seifen-oper.ch\/#\/schema\/logo\/image\/\",\"url\":\"https:\/\/seifen-oper.ch\/wp-content\/uploads\/2019\/06\/logo.seifen-oper450.txt.1.png\",\"contentUrl\":\"https:\/\/seifen-oper.ch\/wp-content\/uploads\/2019\/06\/logo.seifen-oper450.txt.1.png\",\"width\":1835,\"height\":1635,\"caption\":\"Seifen Oper GmbH\"},\"image\":{\"@id\":\"https:\/\/seifen-oper.ch\/#\/schema\/logo\/image\/\"},\"sameAs\":[\"https:\/\/www.facebook.com\/SeifenOperGmbH\",\"https:\/\/www.instagram.com\/explore\/locations\/1028758197\/seifen-oper\/\"]}]}<\/script>\n<!-- \/ Yoast SEO plugin. -->","yoast_head_json":{"title":"\"Ausgezeichnet\" Mango-Grapefruit Sp\u00fclung - Seifen Oper GmbH","robots":{"index":"index","follow":"follow","max-snippet":"max-snippet:-1","max-image-preview":"max-image-preview:large","max-video-preview":"max-video-preview:-1"},"canonical":"https:\/\/seifen-oper.ch\/?product=ausgezeichnet-mango-grapefruit-spulung","og_locale":"de_DE","og_type":"article","og_title":"\"Ausgezeichnet\" Mango-Grapefruit Sp\u00fclung - Seifen Oper GmbH","og_description":"Oliven\u00f6l-Kokosbutter Haarconditioner mit Mango-Grapefruitduft.","og_url":"https:\/\/seifen-oper.ch\/?product=ausgezeichnet-mango-grapefruit-spulung","og_site_name":"Seifen Oper GmbH","article_publisher":"https:\/\/www.facebook.com\/SeifenOperGmbH","article_modified_time":"2022-01-27T17:18:25+00:00","og_image":[{"width":480,"height":709,"url":"https:\/\/seifen-oper.ch\/wp-content\/uploads\/2019\/06\/mango.png","type":"image\/png"}],"twitter_card":"summary_large_image","twitter_misc":{"Gesch\u00e4tzte Lesezeit":"2 Minuten"},"schema":{"@context":"https:\/\/schema.org","@graph":[{"@type":"WebPage","@id":"https:\/\/seifen-oper.ch\/?product=ausgezeichnet-mango-grapefruit-spulung","url":"https:\/\/seifen-oper.ch\/?product=ausgezeichnet-mango-grapefruit-spulung","name":"\"Ausgezeichnet\" Mango-Grapefruit Sp\u00fclung - Seifen Oper GmbH","isPartOf":{"@id":"https:\/\/seifen-oper.ch\/#website"},"primaryImageOfPage":{"@id":"https:\/\/seifen-oper.ch\/?product=ausgezeichnet-mango-grapefruit-spulung#primaryimage"},"image":{"@id":"https:\/\/seifen-oper.ch\/?product=ausgezeichnet-mango-grapefruit-spulung#primaryimage"},"thumbnailUrl":"https:\/\/seifen-oper.ch\/wp-content\/uploads\/2019\/06\/mango.png","datePublished":"2019-06-17T11:39:04+00:00","dateModified":"2022-01-27T17:18:25+00:00","breadcrumb":{"@id":"https:\/\/seifen-oper.ch\/?product=ausgezeichnet-mango-grapefruit-spulung#breadcrumb"},"inLanguage":"de-CH","potentialAction":[{"@type":"ReadAction","target":["https:\/\/seifen-oper.ch\/?product=ausgezeichnet-mango-grapefruit-spulung"]}]},{"@type":"ImageObject","inLanguage":"de-CH","@id":"https:\/\/seifen-oper.ch\/?product=ausgezeichnet-mango-grapefruit-spulung#primaryimage","url":"https:\/\/seifen-oper.ch\/wp-content\/uploads\/2019\/06\/mango.png","contentUrl":"https:\/\/seifen-oper.ch\/wp-content\/uploads\/2019\/06\/mango.png","width":480,"height":709},{"@type":"BreadcrumbList","@id":"https:\/\/seifen-oper.ch\/?product=ausgezeichnet-mango-grapefruit-spulung#breadcrumb","itemListElement":[{"@type":"ListItem","position":1,"name":"Home","item":"https:\/\/seifen-oper.ch\/"},{"@type":"ListItem","position":2,"name":"Shop","item":"https:\/\/seifen-oper.ch\/?page_id=12"},{"@type":"ListItem","position":3,"name":"&#171;Ausgezeichnet&#187; Mango-Grapefruit Sp\u00fclung"}]},{"@type":"WebSite","@id":"https:\/\/seifen-oper.ch\/#website","url":"https:\/\/seifen-oper.ch\/","name":"Seifen Oper GmbH","description":"Kosmetik bester Qualit\u00e4t. Handgefertigt.","publisher":{"@id":"https:\/\/seifen-oper.ch\/#organization"},"potentialAction":[{"@type":"SearchAction","target":{"@type":"EntryPoint","urlTemplate":"https:\/\/seifen-oper.ch\/?s={search_term_string}"},"query-input":{"@type":"PropertyValueSpecification","valueRequired":true,"valueName":"search_term_string"}}],"inLanguage":"de-CH"},{"@type":"Organization","@id":"https:\/\/seifen-oper.ch\/#organization","name":"Seifen Oper GmbH","url":"https:\/\/seifen-oper.ch\/","logo":{"@type":"ImageObject","inLanguage":"de-CH","@id":"https:\/\/seifen-oper.ch\/#\/schema\/logo\/image\/","url":"https:\/\/seifen-oper.ch\/wp-content\/uploads\/2019\/06\/logo.seifen-oper450.txt.1.png","contentUrl":"https:\/\/seifen-oper.ch\/wp-content\/uploads\/2019\/06\/logo.seifen-oper450.txt.1.png","width":1835,"height":1635,"caption":"Seifen Oper GmbH"},"image":{"@id":"https:\/\/seifen-oper.ch\/#\/schema\/logo\/image\/"},"sameAs":["https:\/\/www.facebook.com\/SeifenOperGmbH","https:\/\/www.instagram.com\/explore\/locations\/1028758197\/seifen-oper\/"]}]}},"_links":{"self":[{"href":"https:\/\/seifen-oper.ch\/index.php?rest_route=\/wp\/v2\/product\/1167"}],"collection":[{"href":"https:\/\/seifen-oper.ch\/index.php?rest_route=\/wp\/v2\/product"}],"about":[{"href":"https:\/\/seifen-oper.ch\/index.php?rest_route=\/wp\/v2\/types\/product"}],"wp:featuredmedia":[{"embeddable":true,"href":"https:\/\/seifen-oper.ch\/index.php?rest_route=\/wp\/v2\/media\/3260"}],"wp:attachment":[{"href":"https:\/\/seifen-oper.ch\/index.php?rest_route=%2Fwp%2Fv2%2Fmedia&parent=1167"}],"wp:term":[{"taxonomy":"product_brand","embeddable":true,"href":"https:\/\/seifen-oper.ch\/index.php?rest_route=%2Fwp%2Fv2%2Fproduct_brand&post=1167"},{"taxonomy":"product_cat","embeddable":true,"href":"https:\/\/seifen-oper.ch\/index.php?rest_route=%2Fwp%2Fv2%2Fproduct_cat&post=1167"},{"taxonomy":"product_tag","embeddable":true,"href":"https:\/\/seifen-oper.ch\/index.php?rest_route=%2Fwp%2Fv2%2Fproduct_tag&post=1167"}],"curies":[{"name":"wp","href":"https:\/\/api.w.org\/{rel}","templated":true}]}}