{"id":1150,"date":"2019-06-17T11:39:01","date_gmt":"2019-06-17T09:39:01","guid":{"rendered":"https:\/\/seifen-oper.ch\/?product=sehr-gut-schoko-blaubeer-shampoo"},"modified":"2021-03-04T00:33:38","modified_gmt":"2021-03-03T23:33:38","slug":"sehr-gut-schoko-blaubeer-shampoo","status":"publish","type":"product","link":"https:\/\/seifen-oper.ch\/?product=sehr-gut-schoko-blaubeer-shampoo","title":{"rendered":"\u201eSEHR GUT\u201c Schoko-Blaubeer Shampoo"},"content":{"rendered":"<p style=\"text-align: center;\">Sie finden diese Kombination etwas gewagt f\u00fcr ein Shampoo? Warum sollten Sie sich Schokolade in die Haare schmieren? DAS sagen wir Ihnen jetzt gleich. N\u00e4mlich weil: Schokolade macht sch\u00f6ne Haare! Yeah! Yeah!!! Ist diese Neuigkeit nicht wie Weihnachten &amp; Ostern zusammen!!!!?? \ud83d\ude42 In diesem \u201eSEHR GUT\u201c ist reines Kakaopulver zugegeben. Kakao soll \u00e4u\u00dferlich angewandt gespaltene Haarspitzen reparieren und die Haare vitalisieren. Au\u00dferdem\u00a0ist der hohe Kupfergehalt von Schokolade zu erw\u00e4hnen. Dieses Spurenelement wird f\u00fcr die Regulierung von Stoffwechselprozessen in den Haarzellen ben\u00f6tigt. Kupfermangel zeigt sich in d\u00fcnnem, br\u00fcchigem Haar. Also nichts wie los! Pflegen Sie Ihre Haare ab sofort mit Schokolade! Dieses \u201eSEHR GUT\u201c duftet leicht nach Kakao und fruchtigen Blaubeeren. Eine unwiderstehliche Mischung wie wir finden! F\u00fcr so etwas w\u00e4ren wir fr\u00fcher verbrannt worden \ud83d\ude00<\/p>\n<p style=\"text-align: center;\">\u00a0Dieses \u201eSEHR GUT\u201c ist ohne Konservierungsstoffe auf der Basis von Kokos\u00f6l und Oliven\u00f6l von Hand hergestellt. Kokos\u00f6l ist eines der besten Mittel, um strapazierte und trockene Haare zu revitalisieren und dem Haar mehr Glanz, Frische und Volumen zu verleihen. Es zeichnet sich vor allem durch seinen Reichtum an Vitamin E\u00a0 aus, das kommt auch den Haaren zu Gute: Kokos\u00f6l st\u00e4rkt die Haarstruktur von aussen und macht die Haare somit gl\u00e4nzend und geschmeidig. Es kittet br\u00fcchiges Haar und kaputte Spitzen. Kokos\u00f6l besitzt auch eine pflegende, regulierende Wirkung auf Haar, Haarwurzeln und Kopfhaut, was f\u00fcr besseres Haarwachstum sorgen kann. Und das alles ohne Nebenwirkungen.<\/p>\n<p style=\"text-align: center;\">Oliven\u00f6l spendet Feuchtigkeit. Daher ist es pr\u00e4destiniert, um selbst trockene, spr\u00f6de Haare wundersch\u00f6n gl\u00e4nzen zu lassen. Das \u00d6l legt sich wie ein Film um jedes einzelne H\u00e4rchen und sorgt daf\u00fcr, dass die Feuchtigkeit nicht heraus kann.<\/p>\n<p style=\"text-align: center;\">\u00a0Anwendung: Machen Sie Ihre Haare gut nass, sch\u00e4umen Sie das \u201eSEHR GUT\u201c in den H\u00e4nden auf und geben Sie den wunderbar, weichen Schaum auf Ihre Haare. Oder fahren Sie mit dem ganzen \u201eSEHR GUT\u201c \u00fcber Ihre nassen Haare und sch\u00e4umen diese so ein. Massieren Sie den Schaum nun bis auf die Kopfhaut ein und sp\u00fclen Sie mit klarem Wasser bis keine Schaumr\u00fcckst\u00e4nde mehr im Haar sind. Tragen Sie nun unseren \u201eAUSGEZEICHNET\u201c Haarconditioner auf. Nun steht Ihrem Gl\u00fcck nichts mehr im Wege und Sie werden gl\u00fccklich und zufrieden bis ans Ende leben\u2026mit tollen Haaren!\u00a0 \ud83d\ude42<\/p>\n<p style=\"text-align: center;\">\u00a0ca. 85g \/ Sfr. 16.-<\/p>\n<p style=\"text-align: center;\">INCI (Inhaltsstoffe): Cocos Nucifera (Kokos\u00f6l), Olea Europaea (Oliven\u00f6l), Zea Mays Starch (Maisst\u00e4rke) ,Sodium Laureth Sulfate, Parf\u00fcm\u00f6lmischung, Thebroma Cacao Seed Powder (Kakaopulver), E142 (blaues Farbpigment)<\/p>\n<p style=\"text-align: center;\">*Bitte lagern Sie Ihr \u201eSEHR GUT\u201c trocken. Es mag nicht im Wasser liegen wenn es nicht in Gebrauch ist. Am besten eignet sich das Seifennetz bei der Badewanne oder stellen Sie es auf die d\u00fcnnste Kante, damit es rundherum trocknen kann.<\/p>\n","protected":false},"excerpt":{"rendered":"<p>festes Shampoo mit Kakao und Schoko-Blaubeerduft<\/p>\n","protected":false},"featured_media":1634,"template":"","meta":[],"product_brand":[],"product_cat":[19],"product_tag":[],"class_list":{"0":"post-1150","1":"product","2":"type-product","3":"status-publish","4":"has-post-thumbnail","6":"product_cat-haare","8":"first","9":"instock","10":"shipping-taxable","11":"purchasable","12":"product-type-simple"},"yoast_head":"<!-- This site is optimized with the Yoast SEO plugin v25.6 - https:\/\/yoast.com\/wordpress\/plugins\/seo\/ -->\n<title>\u201eSEHR GUT\u201c Schoko-Blaubeer Shampoo - Seifen Oper GmbH<\/title>\n<meta name=\"robots\" content=\"index, follow, max-snippet:-1, max-image-preview:large, max-video-preview:-1\" \/>\n<link rel=\"canonical\" href=\"https:\/\/seifen-oper.ch\/?product=sehr-gut-schoko-blaubeer-shampoo\" \/>\n<meta property=\"og:locale\" content=\"de_DE\" \/>\n<meta property=\"og:type\" content=\"article\" \/>\n<meta property=\"og:title\" content=\"\u201eSEHR GUT\u201c Schoko-Blaubeer Shampoo - Seifen Oper GmbH\" \/>\n<meta property=\"og:description\" content=\"festes Shampoo mit Kakao und Schoko-Blaubeerduft\" \/>\n<meta property=\"og:url\" content=\"https:\/\/seifen-oper.ch\/?product=sehr-gut-schoko-blaubeer-shampoo\" \/>\n<meta property=\"og:site_name\" content=\"Seifen Oper GmbH\" \/>\n<meta property=\"article:publisher\" content=\"https:\/\/www.facebook.com\/SeifenOperGmbH\" \/>\n<meta property=\"article:modified_time\" content=\"2021-03-03T23:33:38+00:00\" \/>\n<meta property=\"og:image\" content=\"https:\/\/seifen-oper.ch\/wp-content\/uploads\/2019\/06\/SEHR-GUT-Schoko-Blaubeer.png\" \/>\n\t<meta property=\"og:image:width\" content=\"992\" \/>\n\t<meta property=\"og:image:height\" content=\"906\" \/>\n\t<meta property=\"og:image:type\" content=\"image\/png\" \/>\n<meta name=\"twitter:card\" content=\"summary_large_image\" \/>\n<meta name=\"twitter:label1\" content=\"Gesch\u00e4tzte Lesezeit\" \/>\n\t<meta name=\"twitter:data1\" content=\"2 Minuten\" \/>\n<script type=\"application\/ld+json\" class=\"yoast-schema-graph\">{\"@context\":\"https:\/\/schema.org\",\"@graph\":[{\"@type\":\"WebPage\",\"@id\":\"https:\/\/seifen-oper.ch\/?product=sehr-gut-schoko-blaubeer-shampoo\",\"url\":\"https:\/\/seifen-oper.ch\/?product=sehr-gut-schoko-blaubeer-shampoo\",\"name\":\"\u201eSEHR GUT\u201c Schoko-Blaubeer Shampoo - Seifen Oper GmbH\",\"isPartOf\":{\"@id\":\"https:\/\/seifen-oper.ch\/#website\"},\"primaryImageOfPage\":{\"@id\":\"https:\/\/seifen-oper.ch\/?product=sehr-gut-schoko-blaubeer-shampoo#primaryimage\"},\"image\":{\"@id\":\"https:\/\/seifen-oper.ch\/?product=sehr-gut-schoko-blaubeer-shampoo#primaryimage\"},\"thumbnailUrl\":\"https:\/\/seifen-oper.ch\/wp-content\/uploads\/2019\/06\/SEHR-GUT-Schoko-Blaubeer.png\",\"datePublished\":\"2019-06-17T09:39:01+00:00\",\"dateModified\":\"2021-03-03T23:33:38+00:00\",\"breadcrumb\":{\"@id\":\"https:\/\/seifen-oper.ch\/?product=sehr-gut-schoko-blaubeer-shampoo#breadcrumb\"},\"inLanguage\":\"de-CH\",\"potentialAction\":[{\"@type\":\"ReadAction\",\"target\":[\"https:\/\/seifen-oper.ch\/?product=sehr-gut-schoko-blaubeer-shampoo\"]}]},{\"@type\":\"ImageObject\",\"inLanguage\":\"de-CH\",\"@id\":\"https:\/\/seifen-oper.ch\/?product=sehr-gut-schoko-blaubeer-shampoo#primaryimage\",\"url\":\"https:\/\/seifen-oper.ch\/wp-content\/uploads\/2019\/06\/SEHR-GUT-Schoko-Blaubeer.png\",\"contentUrl\":\"https:\/\/seifen-oper.ch\/wp-content\/uploads\/2019\/06\/SEHR-GUT-Schoko-Blaubeer.png\",\"width\":992,\"height\":906},{\"@type\":\"BreadcrumbList\",\"@id\":\"https:\/\/seifen-oper.ch\/?product=sehr-gut-schoko-blaubeer-shampoo#breadcrumb\",\"itemListElement\":[{\"@type\":\"ListItem\",\"position\":1,\"name\":\"Home\",\"item\":\"https:\/\/seifen-oper.ch\/\"},{\"@type\":\"ListItem\",\"position\":2,\"name\":\"Shop\",\"item\":\"https:\/\/seifen-oper.ch\/?page_id=12\"},{\"@type\":\"ListItem\",\"position\":3,\"name\":\"\u201eSEHR GUT\u201c Schoko-Blaubeer Shampoo\"}]},{\"@type\":\"WebSite\",\"@id\":\"https:\/\/seifen-oper.ch\/#website\",\"url\":\"https:\/\/seifen-oper.ch\/\",\"name\":\"Seifen Oper GmbH\",\"description\":\"Kosmetik bester Qualit\u00e4t. Handgefertigt.\",\"publisher\":{\"@id\":\"https:\/\/seifen-oper.ch\/#organization\"},\"potentialAction\":[{\"@type\":\"SearchAction\",\"target\":{\"@type\":\"EntryPoint\",\"urlTemplate\":\"https:\/\/seifen-oper.ch\/?s={search_term_string}\"},\"query-input\":{\"@type\":\"PropertyValueSpecification\",\"valueRequired\":true,\"valueName\":\"search_term_string\"}}],\"inLanguage\":\"de-CH\"},{\"@type\":\"Organization\",\"@id\":\"https:\/\/seifen-oper.ch\/#organization\",\"name\":\"Seifen Oper GmbH\",\"url\":\"https:\/\/seifen-oper.ch\/\",\"logo\":{\"@type\":\"ImageObject\",\"inLanguage\":\"de-CH\",\"@id\":\"https:\/\/seifen-oper.ch\/#\/schema\/logo\/image\/\",\"url\":\"https:\/\/seifen-oper.ch\/wp-content\/uploads\/2019\/06\/logo.seifen-oper450.txt.1.png\",\"contentUrl\":\"https:\/\/seifen-oper.ch\/wp-content\/uploads\/2019\/06\/logo.seifen-oper450.txt.1.png\",\"width\":1835,\"height\":1635,\"caption\":\"Seifen Oper GmbH\"},\"image\":{\"@id\":\"https:\/\/seifen-oper.ch\/#\/schema\/logo\/image\/\"},\"sameAs\":[\"https:\/\/www.facebook.com\/SeifenOperGmbH\",\"https:\/\/www.instagram.com\/explore\/locations\/1028758197\/seifen-oper\/\"]}]}<\/script>\n<!-- \/ Yoast SEO plugin. -->","yoast_head_json":{"title":"\u201eSEHR GUT\u201c Schoko-Blaubeer Shampoo - Seifen Oper GmbH","robots":{"index":"index","follow":"follow","max-snippet":"max-snippet:-1","max-image-preview":"max-image-preview:large","max-video-preview":"max-video-preview:-1"},"canonical":"https:\/\/seifen-oper.ch\/?product=sehr-gut-schoko-blaubeer-shampoo","og_locale":"de_DE","og_type":"article","og_title":"\u201eSEHR GUT\u201c Schoko-Blaubeer Shampoo - Seifen Oper GmbH","og_description":"festes Shampoo mit Kakao und Schoko-Blaubeerduft","og_url":"https:\/\/seifen-oper.ch\/?product=sehr-gut-schoko-blaubeer-shampoo","og_site_name":"Seifen Oper GmbH","article_publisher":"https:\/\/www.facebook.com\/SeifenOperGmbH","article_modified_time":"2021-03-03T23:33:38+00:00","og_image":[{"width":992,"height":906,"url":"https:\/\/seifen-oper.ch\/wp-content\/uploads\/2019\/06\/SEHR-GUT-Schoko-Blaubeer.png","type":"image\/png"}],"twitter_card":"summary_large_image","twitter_misc":{"Gesch\u00e4tzte Lesezeit":"2 Minuten"},"schema":{"@context":"https:\/\/schema.org","@graph":[{"@type":"WebPage","@id":"https:\/\/seifen-oper.ch\/?product=sehr-gut-schoko-blaubeer-shampoo","url":"https:\/\/seifen-oper.ch\/?product=sehr-gut-schoko-blaubeer-shampoo","name":"\u201eSEHR GUT\u201c Schoko-Blaubeer Shampoo - Seifen Oper GmbH","isPartOf":{"@id":"https:\/\/seifen-oper.ch\/#website"},"primaryImageOfPage":{"@id":"https:\/\/seifen-oper.ch\/?product=sehr-gut-schoko-blaubeer-shampoo#primaryimage"},"image":{"@id":"https:\/\/seifen-oper.ch\/?product=sehr-gut-schoko-blaubeer-shampoo#primaryimage"},"thumbnailUrl":"https:\/\/seifen-oper.ch\/wp-content\/uploads\/2019\/06\/SEHR-GUT-Schoko-Blaubeer.png","datePublished":"2019-06-17T09:39:01+00:00","dateModified":"2021-03-03T23:33:38+00:00","breadcrumb":{"@id":"https:\/\/seifen-oper.ch\/?product=sehr-gut-schoko-blaubeer-shampoo#breadcrumb"},"inLanguage":"de-CH","potentialAction":[{"@type":"ReadAction","target":["https:\/\/seifen-oper.ch\/?product=sehr-gut-schoko-blaubeer-shampoo"]}]},{"@type":"ImageObject","inLanguage":"de-CH","@id":"https:\/\/seifen-oper.ch\/?product=sehr-gut-schoko-blaubeer-shampoo#primaryimage","url":"https:\/\/seifen-oper.ch\/wp-content\/uploads\/2019\/06\/SEHR-GUT-Schoko-Blaubeer.png","contentUrl":"https:\/\/seifen-oper.ch\/wp-content\/uploads\/2019\/06\/SEHR-GUT-Schoko-Blaubeer.png","width":992,"height":906},{"@type":"BreadcrumbList","@id":"https:\/\/seifen-oper.ch\/?product=sehr-gut-schoko-blaubeer-shampoo#breadcrumb","itemListElement":[{"@type":"ListItem","position":1,"name":"Home","item":"https:\/\/seifen-oper.ch\/"},{"@type":"ListItem","position":2,"name":"Shop","item":"https:\/\/seifen-oper.ch\/?page_id=12"},{"@type":"ListItem","position":3,"name":"\u201eSEHR GUT\u201c Schoko-Blaubeer Shampoo"}]},{"@type":"WebSite","@id":"https:\/\/seifen-oper.ch\/#website","url":"https:\/\/seifen-oper.ch\/","name":"Seifen Oper GmbH","description":"Kosmetik bester Qualit\u00e4t. Handgefertigt.","publisher":{"@id":"https:\/\/seifen-oper.ch\/#organization"},"potentialAction":[{"@type":"SearchAction","target":{"@type":"EntryPoint","urlTemplate":"https:\/\/seifen-oper.ch\/?s={search_term_string}"},"query-input":{"@type":"PropertyValueSpecification","valueRequired":true,"valueName":"search_term_string"}}],"inLanguage":"de-CH"},{"@type":"Organization","@id":"https:\/\/seifen-oper.ch\/#organization","name":"Seifen Oper GmbH","url":"https:\/\/seifen-oper.ch\/","logo":{"@type":"ImageObject","inLanguage":"de-CH","@id":"https:\/\/seifen-oper.ch\/#\/schema\/logo\/image\/","url":"https:\/\/seifen-oper.ch\/wp-content\/uploads\/2019\/06\/logo.seifen-oper450.txt.1.png","contentUrl":"https:\/\/seifen-oper.ch\/wp-content\/uploads\/2019\/06\/logo.seifen-oper450.txt.1.png","width":1835,"height":1635,"caption":"Seifen Oper GmbH"},"image":{"@id":"https:\/\/seifen-oper.ch\/#\/schema\/logo\/image\/"},"sameAs":["https:\/\/www.facebook.com\/SeifenOperGmbH","https:\/\/www.instagram.com\/explore\/locations\/1028758197\/seifen-oper\/"]}]}},"_links":{"self":[{"href":"https:\/\/seifen-oper.ch\/index.php?rest_route=\/wp\/v2\/product\/1150"}],"collection":[{"href":"https:\/\/seifen-oper.ch\/index.php?rest_route=\/wp\/v2\/product"}],"about":[{"href":"https:\/\/seifen-oper.ch\/index.php?rest_route=\/wp\/v2\/types\/product"}],"wp:featuredmedia":[{"embeddable":true,"href":"https:\/\/seifen-oper.ch\/index.php?rest_route=\/wp\/v2\/media\/1634"}],"wp:attachment":[{"href":"https:\/\/seifen-oper.ch\/index.php?rest_route=%2Fwp%2Fv2%2Fmedia&parent=1150"}],"wp:term":[{"taxonomy":"product_brand","embeddable":true,"href":"https:\/\/seifen-oper.ch\/index.php?rest_route=%2Fwp%2Fv2%2Fproduct_brand&post=1150"},{"taxonomy":"product_cat","embeddable":true,"href":"https:\/\/seifen-oper.ch\/index.php?rest_route=%2Fwp%2Fv2%2Fproduct_cat&post=1150"},{"taxonomy":"product_tag","embeddable":true,"href":"https:\/\/seifen-oper.ch\/index.php?rest_route=%2Fwp%2Fv2%2Fproduct_tag&post=1150"}],"curies":[{"name":"wp","href":"https:\/\/api.w.org\/{rel}","templated":true}]}}