{"id":112,"date":"2019-06-17T11:36:49","date_gmt":"2019-06-17T11:36:49","guid":{"rendered":"https:\/\/seifen-oper.ch\/?product=cellulite-badesalz-peeling"},"modified":"2020-11-28T00:10:05","modified_gmt":"2020-11-27T23:10:05","slug":"cellulite-badesalz-peeling","status":"publish","type":"product","link":"https:\/\/seifen-oper.ch\/?product=cellulite-badesalz-peeling","title":{"rendered":"&#171;Cellulite Badesalz &#038; Peeling&#187;"},"content":{"rendered":"<p style=\"text-align: center;\"><span style=\"color: #888888;\">Beste Meersalzkomposition. Das reine Natur-Badesalz regt die Durchblutung an und versorgt die Haut mit wohltuenden Mineralien und pflegenden \u00d6len, welche die Haut geschmeidig machen. Angereichert mit handgepfl\u00fcckten Kr\u00e4utern (Salbei, Thymian, Minze) und durchblutungsf\u00f6rndernden \u00e4th. \u00d6len. Erg\u00e4nzt sich vortrefflich mit unserem<\/span> <span style=\"color: #ff99cc;\"><a href=\"http:\/\/seifen-oper.ch\/de\/koerper\/hautpflegeoele\/cellulite-ol.html\" target=\"_blank\" rel=\"noopener noreferrer\"><span style=\"color: #ff99cc;\">Cellulite\u00f6l<\/span><\/a><\/span>.<\/p>\n<p style=\"text-align: center;\"><span style=\"color: #888888;\">Anwendung: F\u00fcr ein Vollbad 2-3 EL Badesalz in 36\u00b0-38\u00b0 C warmem Wasser aufl\u00f6sen.\u00a0Badedauer: 15-20 Minuten. Kann auch mit etwas \u00d6l vermischt als Peeling verwendet werden! Bitte nur \u00e4usserlich anwenden. Ohne Konservierungsstoffe.<\/span><\/p>\n<div style=\"text-align: center;\"><span style=\"color: #888888;\">Inhaltsstoffe: INCI: Maris Sal (Meersalz),\u00a0getrocknete Kr\u00e4uter:\u00a0Mentha arvensis (Gartenminze),\u00a0Salvia Officinalis\u00a0(Salbei), Thymus Vulgaris (Thymian),\u00a0Pogostemon Cablin Oil (\u00e4th. Patchouli\u00f6l),\u00a0Amrys balsamifera oil\u00a0(\u00e4th. Sandelholz\u00f6l),\u00a0Mentha Arvensis Leaf Oil (\u00e4th.\u00a0Minz\u00f6l),\u00a0Pelargonium Graveolens Flower Oil\u00a0(\u00e4th. Geranium\u00f6l)<\/span><\/div>\n<div style=\"text-align: center;\"><\/div>\n<div style=\"text-align: center;\"><span style=\"color: #888888;\">225 ml \/ Sfr. 15.-<\/span><\/div>\n","protected":false},"excerpt":{"rendered":"<p>Mit anregenden &amp; durchblutungsf\u00f6rdernden Kr\u00e4utern und \u00d6len.<\/p>\n","protected":false},"featured_media":2466,"template":"","meta":[],"product_brand":[],"product_cat":[51],"product_tag":[],"class_list":{"0":"post-112","1":"product","2":"type-product","3":"status-publish","4":"has-post-thumbnail","6":"product_cat-korperppelings","8":"first","9":"instock","10":"shipping-taxable","11":"purchasable","12":"product-type-simple"},"yoast_head":"<!-- This site is optimized with the Yoast SEO plugin v25.6 - https:\/\/yoast.com\/wordpress\/plugins\/seo\/ -->\n<title>&quot;Cellulite Badesalz &amp; Peeling&quot; - Seifen Oper GmbH<\/title>\n<meta name=\"robots\" content=\"index, follow, max-snippet:-1, max-image-preview:large, max-video-preview:-1\" \/>\n<link rel=\"canonical\" href=\"https:\/\/seifen-oper.ch\/?product=cellulite-badesalz-peeling\" \/>\n<meta property=\"og:locale\" content=\"de_DE\" \/>\n<meta property=\"og:type\" content=\"article\" \/>\n<meta property=\"og:title\" content=\"&quot;Cellulite Badesalz &amp; Peeling&quot; - Seifen Oper GmbH\" \/>\n<meta property=\"og:description\" content=\"Mit anregenden &amp; durchblutungsf\u00f6rdernden Kr\u00e4utern und \u00d6len.\" \/>\n<meta property=\"og:url\" content=\"https:\/\/seifen-oper.ch\/?product=cellulite-badesalz-peeling\" \/>\n<meta property=\"og:site_name\" content=\"Seifen Oper GmbH\" \/>\n<meta property=\"article:publisher\" content=\"https:\/\/www.facebook.com\/SeifenOperGmbH\" \/>\n<meta property=\"article:modified_time\" content=\"2020-11-27T23:10:05+00:00\" \/>\n<meta property=\"og:image\" content=\"https:\/\/seifen-oper.ch\/wp-content\/uploads\/2019\/06\/Cellulite-Peeling-Foto.png\" \/>\n\t<meta property=\"og:image:width\" content=\"1143\" \/>\n\t<meta property=\"og:image:height\" content=\"1236\" \/>\n\t<meta property=\"og:image:type\" content=\"image\/png\" \/>\n<meta name=\"twitter:card\" content=\"summary_large_image\" \/>\n<meta name=\"twitter:label1\" content=\"Gesch\u00e4tzte Lesezeit\" \/>\n\t<meta name=\"twitter:data1\" content=\"1 Minute\" \/>\n<script type=\"application\/ld+json\" class=\"yoast-schema-graph\">{\"@context\":\"https:\/\/schema.org\",\"@graph\":[{\"@type\":\"WebPage\",\"@id\":\"https:\/\/seifen-oper.ch\/?product=cellulite-badesalz-peeling\",\"url\":\"https:\/\/seifen-oper.ch\/?product=cellulite-badesalz-peeling\",\"name\":\"\\\"Cellulite Badesalz & Peeling\\\" - Seifen Oper GmbH\",\"isPartOf\":{\"@id\":\"https:\/\/seifen-oper.ch\/#website\"},\"primaryImageOfPage\":{\"@id\":\"https:\/\/seifen-oper.ch\/?product=cellulite-badesalz-peeling#primaryimage\"},\"image\":{\"@id\":\"https:\/\/seifen-oper.ch\/?product=cellulite-badesalz-peeling#primaryimage\"},\"thumbnailUrl\":\"https:\/\/seifen-oper.ch\/wp-content\/uploads\/2019\/06\/Cellulite-Peeling-Foto.png\",\"datePublished\":\"2019-06-17T11:36:49+00:00\",\"dateModified\":\"2020-11-27T23:10:05+00:00\",\"breadcrumb\":{\"@id\":\"https:\/\/seifen-oper.ch\/?product=cellulite-badesalz-peeling#breadcrumb\"},\"inLanguage\":\"de-CH\",\"potentialAction\":[{\"@type\":\"ReadAction\",\"target\":[\"https:\/\/seifen-oper.ch\/?product=cellulite-badesalz-peeling\"]}]},{\"@type\":\"ImageObject\",\"inLanguage\":\"de-CH\",\"@id\":\"https:\/\/seifen-oper.ch\/?product=cellulite-badesalz-peeling#primaryimage\",\"url\":\"https:\/\/seifen-oper.ch\/wp-content\/uploads\/2019\/06\/Cellulite-Peeling-Foto.png\",\"contentUrl\":\"https:\/\/seifen-oper.ch\/wp-content\/uploads\/2019\/06\/Cellulite-Peeling-Foto.png\",\"width\":1143,\"height\":1236},{\"@type\":\"BreadcrumbList\",\"@id\":\"https:\/\/seifen-oper.ch\/?product=cellulite-badesalz-peeling#breadcrumb\",\"itemListElement\":[{\"@type\":\"ListItem\",\"position\":1,\"name\":\"Home\",\"item\":\"https:\/\/seifen-oper.ch\/\"},{\"@type\":\"ListItem\",\"position\":2,\"name\":\"Shop\",\"item\":\"https:\/\/seifen-oper.ch\/?page_id=12\"},{\"@type\":\"ListItem\",\"position\":3,\"name\":\"&#171;Cellulite Badesalz &#038; Peeling&#187;\"}]},{\"@type\":\"WebSite\",\"@id\":\"https:\/\/seifen-oper.ch\/#website\",\"url\":\"https:\/\/seifen-oper.ch\/\",\"name\":\"Seifen Oper GmbH\",\"description\":\"Kosmetik bester Qualit\u00e4t. Handgefertigt.\",\"publisher\":{\"@id\":\"https:\/\/seifen-oper.ch\/#organization\"},\"potentialAction\":[{\"@type\":\"SearchAction\",\"target\":{\"@type\":\"EntryPoint\",\"urlTemplate\":\"https:\/\/seifen-oper.ch\/?s={search_term_string}\"},\"query-input\":{\"@type\":\"PropertyValueSpecification\",\"valueRequired\":true,\"valueName\":\"search_term_string\"}}],\"inLanguage\":\"de-CH\"},{\"@type\":\"Organization\",\"@id\":\"https:\/\/seifen-oper.ch\/#organization\",\"name\":\"Seifen Oper GmbH\",\"url\":\"https:\/\/seifen-oper.ch\/\",\"logo\":{\"@type\":\"ImageObject\",\"inLanguage\":\"de-CH\",\"@id\":\"https:\/\/seifen-oper.ch\/#\/schema\/logo\/image\/\",\"url\":\"https:\/\/seifen-oper.ch\/wp-content\/uploads\/2019\/06\/logo.seifen-oper450.txt.1.png\",\"contentUrl\":\"https:\/\/seifen-oper.ch\/wp-content\/uploads\/2019\/06\/logo.seifen-oper450.txt.1.png\",\"width\":1835,\"height\":1635,\"caption\":\"Seifen Oper GmbH\"},\"image\":{\"@id\":\"https:\/\/seifen-oper.ch\/#\/schema\/logo\/image\/\"},\"sameAs\":[\"https:\/\/www.facebook.com\/SeifenOperGmbH\",\"https:\/\/www.instagram.com\/explore\/locations\/1028758197\/seifen-oper\/\"]}]}<\/script>\n<!-- \/ Yoast SEO plugin. -->","yoast_head_json":{"title":"\"Cellulite Badesalz & Peeling\" - Seifen Oper GmbH","robots":{"index":"index","follow":"follow","max-snippet":"max-snippet:-1","max-image-preview":"max-image-preview:large","max-video-preview":"max-video-preview:-1"},"canonical":"https:\/\/seifen-oper.ch\/?product=cellulite-badesalz-peeling","og_locale":"de_DE","og_type":"article","og_title":"\"Cellulite Badesalz & Peeling\" - Seifen Oper GmbH","og_description":"Mit anregenden &amp; durchblutungsf\u00f6rdernden Kr\u00e4utern und \u00d6len.","og_url":"https:\/\/seifen-oper.ch\/?product=cellulite-badesalz-peeling","og_site_name":"Seifen Oper GmbH","article_publisher":"https:\/\/www.facebook.com\/SeifenOperGmbH","article_modified_time":"2020-11-27T23:10:05+00:00","og_image":[{"width":1143,"height":1236,"url":"https:\/\/seifen-oper.ch\/wp-content\/uploads\/2019\/06\/Cellulite-Peeling-Foto.png","type":"image\/png"}],"twitter_card":"summary_large_image","twitter_misc":{"Gesch\u00e4tzte Lesezeit":"1 Minute"},"schema":{"@context":"https:\/\/schema.org","@graph":[{"@type":"WebPage","@id":"https:\/\/seifen-oper.ch\/?product=cellulite-badesalz-peeling","url":"https:\/\/seifen-oper.ch\/?product=cellulite-badesalz-peeling","name":"\"Cellulite Badesalz & Peeling\" - Seifen Oper GmbH","isPartOf":{"@id":"https:\/\/seifen-oper.ch\/#website"},"primaryImageOfPage":{"@id":"https:\/\/seifen-oper.ch\/?product=cellulite-badesalz-peeling#primaryimage"},"image":{"@id":"https:\/\/seifen-oper.ch\/?product=cellulite-badesalz-peeling#primaryimage"},"thumbnailUrl":"https:\/\/seifen-oper.ch\/wp-content\/uploads\/2019\/06\/Cellulite-Peeling-Foto.png","datePublished":"2019-06-17T11:36:49+00:00","dateModified":"2020-11-27T23:10:05+00:00","breadcrumb":{"@id":"https:\/\/seifen-oper.ch\/?product=cellulite-badesalz-peeling#breadcrumb"},"inLanguage":"de-CH","potentialAction":[{"@type":"ReadAction","target":["https:\/\/seifen-oper.ch\/?product=cellulite-badesalz-peeling"]}]},{"@type":"ImageObject","inLanguage":"de-CH","@id":"https:\/\/seifen-oper.ch\/?product=cellulite-badesalz-peeling#primaryimage","url":"https:\/\/seifen-oper.ch\/wp-content\/uploads\/2019\/06\/Cellulite-Peeling-Foto.png","contentUrl":"https:\/\/seifen-oper.ch\/wp-content\/uploads\/2019\/06\/Cellulite-Peeling-Foto.png","width":1143,"height":1236},{"@type":"BreadcrumbList","@id":"https:\/\/seifen-oper.ch\/?product=cellulite-badesalz-peeling#breadcrumb","itemListElement":[{"@type":"ListItem","position":1,"name":"Home","item":"https:\/\/seifen-oper.ch\/"},{"@type":"ListItem","position":2,"name":"Shop","item":"https:\/\/seifen-oper.ch\/?page_id=12"},{"@type":"ListItem","position":3,"name":"&#171;Cellulite Badesalz &#038; Peeling&#187;"}]},{"@type":"WebSite","@id":"https:\/\/seifen-oper.ch\/#website","url":"https:\/\/seifen-oper.ch\/","name":"Seifen Oper GmbH","description":"Kosmetik bester Qualit\u00e4t. Handgefertigt.","publisher":{"@id":"https:\/\/seifen-oper.ch\/#organization"},"potentialAction":[{"@type":"SearchAction","target":{"@type":"EntryPoint","urlTemplate":"https:\/\/seifen-oper.ch\/?s={search_term_string}"},"query-input":{"@type":"PropertyValueSpecification","valueRequired":true,"valueName":"search_term_string"}}],"inLanguage":"de-CH"},{"@type":"Organization","@id":"https:\/\/seifen-oper.ch\/#organization","name":"Seifen Oper GmbH","url":"https:\/\/seifen-oper.ch\/","logo":{"@type":"ImageObject","inLanguage":"de-CH","@id":"https:\/\/seifen-oper.ch\/#\/schema\/logo\/image\/","url":"https:\/\/seifen-oper.ch\/wp-content\/uploads\/2019\/06\/logo.seifen-oper450.txt.1.png","contentUrl":"https:\/\/seifen-oper.ch\/wp-content\/uploads\/2019\/06\/logo.seifen-oper450.txt.1.png","width":1835,"height":1635,"caption":"Seifen Oper GmbH"},"image":{"@id":"https:\/\/seifen-oper.ch\/#\/schema\/logo\/image\/"},"sameAs":["https:\/\/www.facebook.com\/SeifenOperGmbH","https:\/\/www.instagram.com\/explore\/locations\/1028758197\/seifen-oper\/"]}]}},"_links":{"self":[{"href":"https:\/\/seifen-oper.ch\/index.php?rest_route=\/wp\/v2\/product\/112"}],"collection":[{"href":"https:\/\/seifen-oper.ch\/index.php?rest_route=\/wp\/v2\/product"}],"about":[{"href":"https:\/\/seifen-oper.ch\/index.php?rest_route=\/wp\/v2\/types\/product"}],"wp:featuredmedia":[{"embeddable":true,"href":"https:\/\/seifen-oper.ch\/index.php?rest_route=\/wp\/v2\/media\/2466"}],"wp:attachment":[{"href":"https:\/\/seifen-oper.ch\/index.php?rest_route=%2Fwp%2Fv2%2Fmedia&parent=112"}],"wp:term":[{"taxonomy":"product_brand","embeddable":true,"href":"https:\/\/seifen-oper.ch\/index.php?rest_route=%2Fwp%2Fv2%2Fproduct_brand&post=112"},{"taxonomy":"product_cat","embeddable":true,"href":"https:\/\/seifen-oper.ch\/index.php?rest_route=%2Fwp%2Fv2%2Fproduct_cat&post=112"},{"taxonomy":"product_tag","embeddable":true,"href":"https:\/\/seifen-oper.ch\/index.php?rest_route=%2Fwp%2Fv2%2Fproduct_tag&post=112"}],"curies":[{"name":"wp","href":"https:\/\/api.w.org\/{rel}","templated":true}]}}