{"id":1066,"date":"2019-06-17T11:38:45","date_gmt":"2019-06-17T11:38:45","guid":{"rendered":"https:\/\/seifen-oper.ch\/?product=narbensalbe"},"modified":"2020-12-25T14:23:07","modified_gmt":"2020-12-25T13:23:07","slug":"narbensalbe","status":"publish","type":"product","link":"https:\/\/seifen-oper.ch\/?product=narbensalbe","title":{"rendered":"&#171;Narbensalbe&#187;"},"content":{"rendered":"<p style=\"text-align: center;\"><span style=\"color: #888888;\">Hier haben wir eine Salbe, die frischen und alten Narben dabei hilft, optisch unauff\u00e4lliger zu werden. Zwar kann man eine Narbe nicht ganz verschwinden lassen, jedoch kann man das optische Erscheinungsbild erheblich verbessern mit der richtigen Pflege. Unsere Narbensalbe kommt ohne Konservierungsstoffe, Chemie und Silikone etc. aus. Sie besteht aus hochwertiger Sheabutter, Kokosbutter, Aloe Vera und \u00e4therischem Lavendel\u00f6l. Und das ist alles! \ud83d\ude42\u00a0<\/span><\/p>\n<p style=\"text-align: center;\"><span style=\"color: #888888;\">\u00a0<\/span><\/p>\n<p style=\"text-align: center;\"><span style=\"color: #888888;\">Ihr Hauptbestandteil ist <strong>Sheabutter<\/strong>. In Afrika wird Sheabutter schon lange als Universalheilmittel verwendet. Diese nat\u00fcrliche K\u00f6rperbutter, die aus den N\u00fcssen des Sheabaumes gewonnen wird, besitzt einen hohen Anteil an Allantoin, Karotin und Vitamin E und ist dadurch besonders hautpflegend. Sie ist hoch wirksam und wirkt nicht nur an der Hautoberfl\u00e4che, sondern dringt tief in die Hautschichten ein. Darum ist sie ideal zur Narbenpflege.\u00a0Bei regelm\u00e4ssiger Anwendung wird eine Narbe in der Regel flacher und geschmeidiger, R\u00f6tungen und Juckreiz gehen zur\u00fcck.\u00a0Verh\u00e4rtetes Narbengewebe, auf das Sheabutter aufgetragen wird, wird schon nach kurzer Anwendung weicher und nachgiebiger. Die Hautfarbe der Narbe gleicht sich nach l\u00e4ngerer Behandlung mit der Butter der \u00fcbrigen Haut an.\u00a0<\/span><\/p>\n<p style=\"text-align: center;\"><span style=\"color: #888888;\"><strong>Kokosbutter<\/strong> versorgt die Haut mit Vitamin E und Vitaminen der B-Gruppe. Der nat\u00fcrliche Heilungsprozess von Narben wird angeregt und dadurch bleiben sie elastischer und eine allgemeine Verringerung der Narbenbildung bei frischen Narben setzt ein.\u00a0<\/span><\/p>\n<p style=\"text-align: center;\"><span style=\"color: #888888;\"><strong>Aloe Vera<\/strong> ist erfrischnd, k\u00fchlend und feuchtigkeitsspendend. Die Wirkstoffe der Aloe Vera Pflanze (in dieser Salbe als Gel zugef\u00fcgt) sollen die Narben\u00a0mit Feuchtigkeit versorgen und sie somit geschmeidiger machen.<\/span><\/p>\n<p style=\"text-align: center;\"><span style=\"color: #888888;\"><strong>\u00c4therisches Lavendel\u00f6l<\/strong> hat eine sehr positive Wirkung auf Narbengewebe indem es die Bildung gesunder Hautstrukturen unterst\u00fctzt.<\/span><\/p>\n<p style=\"text-align: center;\"><span style=\"color: #888888;\">\u00a0<\/span><\/p>\n<p style=\"text-align: center;\"><span style=\"color: #888888;\">\u00a0<\/span><\/p>\n<p style=\"text-align: center;\"><span style=\"color: #888888;\">Und so wenden Sie unsere Narbensalbe an:<\/span><\/p>\n<p style=\"text-align: center;\"><span style=\"color: #888888;\">Zwei Mal am Tag oder \u00f6fter auf die Narbe aufgetragen. Die Salbe wird einmassiert, oder kann auch in einer dicken Schicht auf der Narbe belassen und mit einem Verband abgedeckt werden.\u00a0<\/span><\/p>\n<p style=\"text-align: center;\"><span style=\"color: #888888;\">Die Behandlung mit der Narbensalbe wird \u00fcblicherweise \u00fcber mehrere Monate fortgef\u00fchrt.<\/span><\/p>\n<p style=\"text-align: center;\"><span style=\"color: #888888;\">\u00a0<\/span><\/p>\n<p style=\"text-align: center;\"><span style=\"color: #888888;\">50ml \/ Sfr. 19.-<\/span><\/p>\n<p style=\"text-align: center;\"><span style=\"color: #888888;\">Inhaltsstoffe: INCI: Butyrospermum parkii (Sheabutter), Cocos nucifera (Kokos\u00f6l), Aloe barbadensis leaf juice (Aloe Vera Gel),\u00a0\u00a0Lavandula angustifolia Oil (\u00e4th. Lavendel\u00f6l)<\/span><\/p>\n","protected":false},"excerpt":{"rendered":"<p>Nat\u00fcrliche Hautpflege gegen Narben<\/p>\n","protected":false},"featured_media":1654,"template":"","meta":[],"product_brand":[],"product_cat":[27],"product_tag":[],"class_list":{"0":"post-1066","1":"product","2":"type-product","3":"status-publish","4":"has-post-thumbnail","6":"product_cat-korpercremes","8":"first","9":"instock","10":"shipping-taxable","11":"purchasable","12":"product-type-simple"},"yoast_head":"<!-- This site is optimized with the Yoast SEO plugin v25.6 - https:\/\/yoast.com\/wordpress\/plugins\/seo\/ -->\n<title>&quot;Narbensalbe&quot; - Seifen Oper GmbH<\/title>\n<meta name=\"robots\" content=\"index, follow, max-snippet:-1, max-image-preview:large, max-video-preview:-1\" \/>\n<link rel=\"canonical\" href=\"https:\/\/seifen-oper.ch\/?product=narbensalbe\" \/>\n<meta property=\"og:locale\" content=\"de_DE\" \/>\n<meta property=\"og:type\" content=\"article\" \/>\n<meta property=\"og:title\" content=\"&quot;Narbensalbe&quot; - Seifen Oper GmbH\" \/>\n<meta property=\"og:description\" content=\"Nat\u00fcrliche Hautpflege gegen Narben\" \/>\n<meta property=\"og:url\" content=\"https:\/\/seifen-oper.ch\/?product=narbensalbe\" \/>\n<meta property=\"og:site_name\" content=\"Seifen Oper GmbH\" \/>\n<meta property=\"article:publisher\" content=\"https:\/\/www.facebook.com\/SeifenOperGmbH\" \/>\n<meta property=\"article:modified_time\" content=\"2020-12-25T13:23:07+00:00\" \/>\n<meta property=\"og:image\" content=\"https:\/\/seifen-oper.ch\/wp-content\/uploads\/2019\/06\/Narbensalbe-Foto-1018x1024.png\" \/>\n\t<meta property=\"og:image:width\" content=\"1018\" \/>\n\t<meta property=\"og:image:height\" content=\"1024\" \/>\n\t<meta property=\"og:image:type\" content=\"image\/png\" \/>\n<meta name=\"twitter:card\" content=\"summary_large_image\" \/>\n<meta name=\"twitter:label1\" content=\"Gesch\u00e4tzte Lesezeit\" \/>\n\t<meta name=\"twitter:data1\" content=\"2 Minuten\" \/>\n<script type=\"application\/ld+json\" class=\"yoast-schema-graph\">{\"@context\":\"https:\/\/schema.org\",\"@graph\":[{\"@type\":\"WebPage\",\"@id\":\"https:\/\/seifen-oper.ch\/?product=narbensalbe\",\"url\":\"https:\/\/seifen-oper.ch\/?product=narbensalbe\",\"name\":\"\\\"Narbensalbe\\\" - Seifen Oper GmbH\",\"isPartOf\":{\"@id\":\"https:\/\/seifen-oper.ch\/#website\"},\"primaryImageOfPage\":{\"@id\":\"https:\/\/seifen-oper.ch\/?product=narbensalbe#primaryimage\"},\"image\":{\"@id\":\"https:\/\/seifen-oper.ch\/?product=narbensalbe#primaryimage\"},\"thumbnailUrl\":\"https:\/\/seifen-oper.ch\/wp-content\/uploads\/2019\/06\/Narbensalbe-Foto.png\",\"datePublished\":\"2019-06-17T11:38:45+00:00\",\"dateModified\":\"2020-12-25T13:23:07+00:00\",\"breadcrumb\":{\"@id\":\"https:\/\/seifen-oper.ch\/?product=narbensalbe#breadcrumb\"},\"inLanguage\":\"de-CH\",\"potentialAction\":[{\"@type\":\"ReadAction\",\"target\":[\"https:\/\/seifen-oper.ch\/?product=narbensalbe\"]}]},{\"@type\":\"ImageObject\",\"inLanguage\":\"de-CH\",\"@id\":\"https:\/\/seifen-oper.ch\/?product=narbensalbe#primaryimage\",\"url\":\"https:\/\/seifen-oper.ch\/wp-content\/uploads\/2019\/06\/Narbensalbe-Foto.png\",\"contentUrl\":\"https:\/\/seifen-oper.ch\/wp-content\/uploads\/2019\/06\/Narbensalbe-Foto.png\",\"width\":1275,\"height\":1282},{\"@type\":\"BreadcrumbList\",\"@id\":\"https:\/\/seifen-oper.ch\/?product=narbensalbe#breadcrumb\",\"itemListElement\":[{\"@type\":\"ListItem\",\"position\":1,\"name\":\"Home\",\"item\":\"https:\/\/seifen-oper.ch\/\"},{\"@type\":\"ListItem\",\"position\":2,\"name\":\"Shop\",\"item\":\"https:\/\/seifen-oper.ch\/?page_id=12\"},{\"@type\":\"ListItem\",\"position\":3,\"name\":\"&#171;Narbensalbe&#187;\"}]},{\"@type\":\"WebSite\",\"@id\":\"https:\/\/seifen-oper.ch\/#website\",\"url\":\"https:\/\/seifen-oper.ch\/\",\"name\":\"Seifen Oper GmbH\",\"description\":\"Kosmetik bester Qualit\u00e4t. Handgefertigt.\",\"publisher\":{\"@id\":\"https:\/\/seifen-oper.ch\/#organization\"},\"potentialAction\":[{\"@type\":\"SearchAction\",\"target\":{\"@type\":\"EntryPoint\",\"urlTemplate\":\"https:\/\/seifen-oper.ch\/?s={search_term_string}\"},\"query-input\":{\"@type\":\"PropertyValueSpecification\",\"valueRequired\":true,\"valueName\":\"search_term_string\"}}],\"inLanguage\":\"de-CH\"},{\"@type\":\"Organization\",\"@id\":\"https:\/\/seifen-oper.ch\/#organization\",\"name\":\"Seifen Oper GmbH\",\"url\":\"https:\/\/seifen-oper.ch\/\",\"logo\":{\"@type\":\"ImageObject\",\"inLanguage\":\"de-CH\",\"@id\":\"https:\/\/seifen-oper.ch\/#\/schema\/logo\/image\/\",\"url\":\"https:\/\/seifen-oper.ch\/wp-content\/uploads\/2019\/06\/logo.seifen-oper450.txt.1.png\",\"contentUrl\":\"https:\/\/seifen-oper.ch\/wp-content\/uploads\/2019\/06\/logo.seifen-oper450.txt.1.png\",\"width\":1835,\"height\":1635,\"caption\":\"Seifen Oper GmbH\"},\"image\":{\"@id\":\"https:\/\/seifen-oper.ch\/#\/schema\/logo\/image\/\"},\"sameAs\":[\"https:\/\/www.facebook.com\/SeifenOperGmbH\",\"https:\/\/www.instagram.com\/explore\/locations\/1028758197\/seifen-oper\/\"]}]}<\/script>\n<!-- \/ Yoast SEO plugin. -->","yoast_head_json":{"title":"\"Narbensalbe\" - Seifen Oper GmbH","robots":{"index":"index","follow":"follow","max-snippet":"max-snippet:-1","max-image-preview":"max-image-preview:large","max-video-preview":"max-video-preview:-1"},"canonical":"https:\/\/seifen-oper.ch\/?product=narbensalbe","og_locale":"de_DE","og_type":"article","og_title":"\"Narbensalbe\" - Seifen Oper GmbH","og_description":"Nat\u00fcrliche Hautpflege gegen Narben","og_url":"https:\/\/seifen-oper.ch\/?product=narbensalbe","og_site_name":"Seifen Oper GmbH","article_publisher":"https:\/\/www.facebook.com\/SeifenOperGmbH","article_modified_time":"2020-12-25T13:23:07+00:00","og_image":[{"width":1018,"height":1024,"url":"https:\/\/seifen-oper.ch\/wp-content\/uploads\/2019\/06\/Narbensalbe-Foto-1018x1024.png","type":"image\/png"}],"twitter_card":"summary_large_image","twitter_misc":{"Gesch\u00e4tzte Lesezeit":"2 Minuten"},"schema":{"@context":"https:\/\/schema.org","@graph":[{"@type":"WebPage","@id":"https:\/\/seifen-oper.ch\/?product=narbensalbe","url":"https:\/\/seifen-oper.ch\/?product=narbensalbe","name":"\"Narbensalbe\" - Seifen Oper GmbH","isPartOf":{"@id":"https:\/\/seifen-oper.ch\/#website"},"primaryImageOfPage":{"@id":"https:\/\/seifen-oper.ch\/?product=narbensalbe#primaryimage"},"image":{"@id":"https:\/\/seifen-oper.ch\/?product=narbensalbe#primaryimage"},"thumbnailUrl":"https:\/\/seifen-oper.ch\/wp-content\/uploads\/2019\/06\/Narbensalbe-Foto.png","datePublished":"2019-06-17T11:38:45+00:00","dateModified":"2020-12-25T13:23:07+00:00","breadcrumb":{"@id":"https:\/\/seifen-oper.ch\/?product=narbensalbe#breadcrumb"},"inLanguage":"de-CH","potentialAction":[{"@type":"ReadAction","target":["https:\/\/seifen-oper.ch\/?product=narbensalbe"]}]},{"@type":"ImageObject","inLanguage":"de-CH","@id":"https:\/\/seifen-oper.ch\/?product=narbensalbe#primaryimage","url":"https:\/\/seifen-oper.ch\/wp-content\/uploads\/2019\/06\/Narbensalbe-Foto.png","contentUrl":"https:\/\/seifen-oper.ch\/wp-content\/uploads\/2019\/06\/Narbensalbe-Foto.png","width":1275,"height":1282},{"@type":"BreadcrumbList","@id":"https:\/\/seifen-oper.ch\/?product=narbensalbe#breadcrumb","itemListElement":[{"@type":"ListItem","position":1,"name":"Home","item":"https:\/\/seifen-oper.ch\/"},{"@type":"ListItem","position":2,"name":"Shop","item":"https:\/\/seifen-oper.ch\/?page_id=12"},{"@type":"ListItem","position":3,"name":"&#171;Narbensalbe&#187;"}]},{"@type":"WebSite","@id":"https:\/\/seifen-oper.ch\/#website","url":"https:\/\/seifen-oper.ch\/","name":"Seifen Oper GmbH","description":"Kosmetik bester Qualit\u00e4t. Handgefertigt.","publisher":{"@id":"https:\/\/seifen-oper.ch\/#organization"},"potentialAction":[{"@type":"SearchAction","target":{"@type":"EntryPoint","urlTemplate":"https:\/\/seifen-oper.ch\/?s={search_term_string}"},"query-input":{"@type":"PropertyValueSpecification","valueRequired":true,"valueName":"search_term_string"}}],"inLanguage":"de-CH"},{"@type":"Organization","@id":"https:\/\/seifen-oper.ch\/#organization","name":"Seifen Oper GmbH","url":"https:\/\/seifen-oper.ch\/","logo":{"@type":"ImageObject","inLanguage":"de-CH","@id":"https:\/\/seifen-oper.ch\/#\/schema\/logo\/image\/","url":"https:\/\/seifen-oper.ch\/wp-content\/uploads\/2019\/06\/logo.seifen-oper450.txt.1.png","contentUrl":"https:\/\/seifen-oper.ch\/wp-content\/uploads\/2019\/06\/logo.seifen-oper450.txt.1.png","width":1835,"height":1635,"caption":"Seifen Oper GmbH"},"image":{"@id":"https:\/\/seifen-oper.ch\/#\/schema\/logo\/image\/"},"sameAs":["https:\/\/www.facebook.com\/SeifenOperGmbH","https:\/\/www.instagram.com\/explore\/locations\/1028758197\/seifen-oper\/"]}]}},"_links":{"self":[{"href":"https:\/\/seifen-oper.ch\/index.php?rest_route=\/wp\/v2\/product\/1066"}],"collection":[{"href":"https:\/\/seifen-oper.ch\/index.php?rest_route=\/wp\/v2\/product"}],"about":[{"href":"https:\/\/seifen-oper.ch\/index.php?rest_route=\/wp\/v2\/types\/product"}],"wp:featuredmedia":[{"embeddable":true,"href":"https:\/\/seifen-oper.ch\/index.php?rest_route=\/wp\/v2\/media\/1654"}],"wp:attachment":[{"href":"https:\/\/seifen-oper.ch\/index.php?rest_route=%2Fwp%2Fv2%2Fmedia&parent=1066"}],"wp:term":[{"taxonomy":"product_brand","embeddable":true,"href":"https:\/\/seifen-oper.ch\/index.php?rest_route=%2Fwp%2Fv2%2Fproduct_brand&post=1066"},{"taxonomy":"product_cat","embeddable":true,"href":"https:\/\/seifen-oper.ch\/index.php?rest_route=%2Fwp%2Fv2%2Fproduct_cat&post=1066"},{"taxonomy":"product_tag","embeddable":true,"href":"https:\/\/seifen-oper.ch\/index.php?rest_route=%2Fwp%2Fv2%2Fproduct_tag&post=1066"}],"curies":[{"name":"wp","href":"https:\/\/api.w.org\/{rel}","templated":true}]}}