{"id":1052,"date":"2019-06-17T11:38:44","date_gmt":"2019-06-17T11:38:44","guid":{"rendered":"https:\/\/seifen-oper.ch\/?product=linke-bazille-erkaltungsbad"},"modified":"2025-11-18T16:56:07","modified_gmt":"2025-11-18T15:56:07","slug":"linke-bazille-erkaltungsbad","status":"publish","type":"product","link":"https:\/\/seifen-oper.ch\/?product=linke-bazille-erkaltungsbad","title":{"rendered":"&#171;linke Bazille&#187;-Erk\u00e4ltungsbad"},"content":{"rendered":"<div>\n<div style=\"text-align: center;\">\n<p><span style=\"color: #808080;\">\u00a0Sie haben sich eine \u00a0Grippe oder die Erk\u00e4ltung eingefangen und f\u00fchlen sich elend? Die &#171;linke Bazille&#187; verschafft Ihnen Linderung: Die \u00e4therischen \u00d6le \u00a0(Minz\u00f6l, Rosmarin\u00f6l, Eukalyptus\u00f6l, Lavendel\u00f6l), die es enth\u00e4lt, pusten Ihre Nase frei und machen den Kopf wieder klar. <\/span><\/p>\n<p><span style=\"color: #808080;\">Anwendung: Geben Sie eine Kugel in ein heisses Vollbad und entspannen Sie darin f\u00fcr 10 &#8211; 20 Minuten. Die feine Kokosbutter pflegt Ihre Haut, das hilft zwar nicht gegen die Erk\u00e4ltung, macht die Haut aber zart und weich und das steigert das Wohlbefinden. Steigen Sie aus der Wanne und nun ab ins Bett mit Ihnen! Morgen sieht die Welt schon wieder anders aus. Gute Besserung!\u00a0<\/span><\/p>\n<p><span style=\"color: #808080;\">Tip: im Winter lohnt es sich, mindestens eine &#171;linke Bazille&#187; auf Vorrat zu haben.<\/span><\/p>\n<p><span style=\"color: #808080;\">\u00a0<\/span><\/p>\n<\/div>\n<\/div>\n<div style=\"text-align: center;\"><span style=\"color: #808080;\">Inhaltsstoffe:Zea Mays Starch (Maisst\u00e4rke), Sodium Bicarbonate (Natron), Citric Acid (Zitronens\u00e4ure), Cocos nucifera (Kokos\u00f6l),\u00a0Mentha Arvensis Leaf Oil (\u00e4th. Minz\u00f6l),\u00a0Eucalyptus Globulus Leaf Oil (\u00e4th. Eukalyptus\u00f6l),\u00a0Rosmarinus Officinales Oil (\u00e4th. Rosmarin\u00f6l),\u00a0Lavandula angustifolia Oil (\u00e4th. Lavendel\u00f6l),\u00a0Mentha Viridis Leaf (echte Minze),\u00a0E142 (gr\u00fcnes Farbpigment),\u00a0CI11710 (gelbes Farbpigment)<\/span><\/div>\n<div style=\"text-align: center;\"><span style=\"color: #808080;\">\u00a0<\/span><\/div>\n<div style=\"text-align: center;\"><span style=\"color: #808080;\">ca. 90g \/ Sfr. 6.-<\/span><\/div>\n<p>&nbsp;<\/p>\n","protected":false},"excerpt":{"rendered":"<p>Badekugel vollgepackt mit \u00e4therischen \u00d6len und getrockneten Minzbl\u00e4ttern. Hilft Ihrer Nase wieder zu atmen.<\/p>\n","protected":false},"featured_media":3612,"template":"","meta":[],"product_brand":[],"product_cat":[31,44],"product_tag":[618,406,407,118,620,619,179,202,405,169,327],"class_list":{"0":"post-1052","1":"product","2":"type-product","3":"status-publish","4":"has-post-thumbnail","6":"product_cat-badesprudel-schaumbaeder","7":"product_cat-winter","8":"product_tag-erkaeltung","9":"product_tag-erkaeltungsbad","10":"product_tag-eukalyptus","11":"product_tag-frisch","12":"product_tag-frische-minze","13":"product_tag-grippe","14":"product_tag-handgemacht","15":"product_tag-lavendel","16":"product_tag-linke-bazille","17":"product_tag-minze","18":"product_tag-rosmarin","20":"first","21":"instock","22":"shipping-taxable","23":"purchasable","24":"product-type-simple"},"yoast_head":"<!-- This site is optimized with the Yoast SEO plugin v25.6 - https:\/\/yoast.com\/wordpress\/plugins\/seo\/ -->\n<title>&quot;linke Bazille&quot;-Erk\u00e4ltungsbad - Seifen Oper GmbH<\/title>\n<meta name=\"description\" content=\"Erk\u00e4ltungsbad, welches Ihnen mit seinen \u00e4therischen \u00d6len \u00a0(Minz\u00f6l, Rosmarin\u00f6l, Eukalyptus\u00f6l, Lavendel\u00f6l) hilft, wieder durchatmen zu k\u00f6nnen\" \/>\n<meta name=\"robots\" content=\"index, follow, max-snippet:-1, max-image-preview:large, max-video-preview:-1\" \/>\n<link rel=\"canonical\" href=\"https:\/\/seifen-oper.ch\/?product=linke-bazille-erkaltungsbad\" \/>\n<meta property=\"og:locale\" content=\"de_DE\" \/>\n<meta property=\"og:type\" content=\"article\" \/>\n<meta property=\"og:title\" content=\"&quot;linke Bazille&quot;-Erk\u00e4ltungsbad - Seifen Oper GmbH\" \/>\n<meta property=\"og:description\" content=\"Erk\u00e4ltungsbad, welches Ihnen mit seinen \u00e4therischen \u00d6len \u00a0(Minz\u00f6l, Rosmarin\u00f6l, Eukalyptus\u00f6l, Lavendel\u00f6l) hilft, wieder durchatmen zu k\u00f6nnen\" \/>\n<meta property=\"og:url\" content=\"https:\/\/seifen-oper.ch\/?product=linke-bazille-erkaltungsbad\" \/>\n<meta property=\"og:site_name\" content=\"Seifen Oper GmbH\" \/>\n<meta property=\"article:publisher\" content=\"https:\/\/www.facebook.com\/SeifenOperGmbH\" \/>\n<meta property=\"article:modified_time\" content=\"2025-11-18T15:56:07+00:00\" \/>\n<meta property=\"og:image\" content=\"https:\/\/seifen-oper.ch\/wp-content\/uploads\/2019\/06\/bazille-1024x936.png\" \/>\n\t<meta property=\"og:image:width\" content=\"1024\" \/>\n\t<meta property=\"og:image:height\" content=\"936\" \/>\n\t<meta property=\"og:image:type\" content=\"image\/png\" \/>\n<meta name=\"twitter:card\" content=\"summary_large_image\" \/>\n<meta name=\"twitter:label1\" content=\"Gesch\u00e4tzte Lesezeit\" \/>\n\t<meta name=\"twitter:data1\" content=\"2 Minuten\" \/>\n<script type=\"application\/ld+json\" class=\"yoast-schema-graph\">{\"@context\":\"https:\/\/schema.org\",\"@graph\":[{\"@type\":\"WebPage\",\"@id\":\"https:\/\/seifen-oper.ch\/?product=linke-bazille-erkaltungsbad\",\"url\":\"https:\/\/seifen-oper.ch\/?product=linke-bazille-erkaltungsbad\",\"name\":\"\\\"linke Bazille\\\"-Erk\u00e4ltungsbad - Seifen Oper GmbH\",\"isPartOf\":{\"@id\":\"https:\/\/seifen-oper.ch\/#website\"},\"primaryImageOfPage\":{\"@id\":\"https:\/\/seifen-oper.ch\/?product=linke-bazille-erkaltungsbad#primaryimage\"},\"image\":{\"@id\":\"https:\/\/seifen-oper.ch\/?product=linke-bazille-erkaltungsbad#primaryimage\"},\"thumbnailUrl\":\"https:\/\/seifen-oper.ch\/wp-content\/uploads\/2019\/06\/bazille.png\",\"datePublished\":\"2019-06-17T11:38:44+00:00\",\"dateModified\":\"2025-11-18T15:56:07+00:00\",\"description\":\"Erk\u00e4ltungsbad, welches Ihnen mit seinen \u00e4therischen \u00d6len \u00a0(Minz\u00f6l, Rosmarin\u00f6l, Eukalyptus\u00f6l, Lavendel\u00f6l) hilft, wieder durchatmen zu k\u00f6nnen\",\"breadcrumb\":{\"@id\":\"https:\/\/seifen-oper.ch\/?product=linke-bazille-erkaltungsbad#breadcrumb\"},\"inLanguage\":\"de-CH\",\"potentialAction\":[{\"@type\":\"ReadAction\",\"target\":[\"https:\/\/seifen-oper.ch\/?product=linke-bazille-erkaltungsbad\"]}]},{\"@type\":\"ImageObject\",\"inLanguage\":\"de-CH\",\"@id\":\"https:\/\/seifen-oper.ch\/?product=linke-bazille-erkaltungsbad#primaryimage\",\"url\":\"https:\/\/seifen-oper.ch\/wp-content\/uploads\/2019\/06\/bazille.png\",\"contentUrl\":\"https:\/\/seifen-oper.ch\/wp-content\/uploads\/2019\/06\/bazille.png\",\"width\":1312,\"height\":1199},{\"@type\":\"BreadcrumbList\",\"@id\":\"https:\/\/seifen-oper.ch\/?product=linke-bazille-erkaltungsbad#breadcrumb\",\"itemListElement\":[{\"@type\":\"ListItem\",\"position\":1,\"name\":\"Home\",\"item\":\"https:\/\/seifen-oper.ch\/\"},{\"@type\":\"ListItem\",\"position\":2,\"name\":\"Shop\",\"item\":\"https:\/\/seifen-oper.ch\/?page_id=12\"},{\"@type\":\"ListItem\",\"position\":3,\"name\":\"&#171;linke Bazille&#187;-Erk\u00e4ltungsbad\"}]},{\"@type\":\"WebSite\",\"@id\":\"https:\/\/seifen-oper.ch\/#website\",\"url\":\"https:\/\/seifen-oper.ch\/\",\"name\":\"Seifen Oper GmbH\",\"description\":\"Kosmetik bester Qualit\u00e4t. Handgefertigt.\",\"publisher\":{\"@id\":\"https:\/\/seifen-oper.ch\/#organization\"},\"potentialAction\":[{\"@type\":\"SearchAction\",\"target\":{\"@type\":\"EntryPoint\",\"urlTemplate\":\"https:\/\/seifen-oper.ch\/?s={search_term_string}\"},\"query-input\":{\"@type\":\"PropertyValueSpecification\",\"valueRequired\":true,\"valueName\":\"search_term_string\"}}],\"inLanguage\":\"de-CH\"},{\"@type\":\"Organization\",\"@id\":\"https:\/\/seifen-oper.ch\/#organization\",\"name\":\"Seifen Oper GmbH\",\"url\":\"https:\/\/seifen-oper.ch\/\",\"logo\":{\"@type\":\"ImageObject\",\"inLanguage\":\"de-CH\",\"@id\":\"https:\/\/seifen-oper.ch\/#\/schema\/logo\/image\/\",\"url\":\"https:\/\/seifen-oper.ch\/wp-content\/uploads\/2019\/06\/logo.seifen-oper450.txt.1.png\",\"contentUrl\":\"https:\/\/seifen-oper.ch\/wp-content\/uploads\/2019\/06\/logo.seifen-oper450.txt.1.png\",\"width\":1835,\"height\":1635,\"caption\":\"Seifen Oper GmbH\"},\"image\":{\"@id\":\"https:\/\/seifen-oper.ch\/#\/schema\/logo\/image\/\"},\"sameAs\":[\"https:\/\/www.facebook.com\/SeifenOperGmbH\",\"https:\/\/www.instagram.com\/explore\/locations\/1028758197\/seifen-oper\/\"]}]}<\/script>\n<!-- \/ Yoast SEO plugin. -->","yoast_head_json":{"title":"\"linke Bazille\"-Erk\u00e4ltungsbad - Seifen Oper GmbH","description":"Erk\u00e4ltungsbad, welches Ihnen mit seinen \u00e4therischen \u00d6len \u00a0(Minz\u00f6l, Rosmarin\u00f6l, Eukalyptus\u00f6l, Lavendel\u00f6l) hilft, wieder durchatmen zu k\u00f6nnen","robots":{"index":"index","follow":"follow","max-snippet":"max-snippet:-1","max-image-preview":"max-image-preview:large","max-video-preview":"max-video-preview:-1"},"canonical":"https:\/\/seifen-oper.ch\/?product=linke-bazille-erkaltungsbad","og_locale":"de_DE","og_type":"article","og_title":"\"linke Bazille\"-Erk\u00e4ltungsbad - Seifen Oper GmbH","og_description":"Erk\u00e4ltungsbad, welches Ihnen mit seinen \u00e4therischen \u00d6len \u00a0(Minz\u00f6l, Rosmarin\u00f6l, Eukalyptus\u00f6l, Lavendel\u00f6l) hilft, wieder durchatmen zu k\u00f6nnen","og_url":"https:\/\/seifen-oper.ch\/?product=linke-bazille-erkaltungsbad","og_site_name":"Seifen Oper GmbH","article_publisher":"https:\/\/www.facebook.com\/SeifenOperGmbH","article_modified_time":"2025-11-18T15:56:07+00:00","og_image":[{"width":1024,"height":936,"url":"https:\/\/seifen-oper.ch\/wp-content\/uploads\/2019\/06\/bazille-1024x936.png","type":"image\/png"}],"twitter_card":"summary_large_image","twitter_misc":{"Gesch\u00e4tzte Lesezeit":"2 Minuten"},"schema":{"@context":"https:\/\/schema.org","@graph":[{"@type":"WebPage","@id":"https:\/\/seifen-oper.ch\/?product=linke-bazille-erkaltungsbad","url":"https:\/\/seifen-oper.ch\/?product=linke-bazille-erkaltungsbad","name":"\"linke Bazille\"-Erk\u00e4ltungsbad - Seifen Oper GmbH","isPartOf":{"@id":"https:\/\/seifen-oper.ch\/#website"},"primaryImageOfPage":{"@id":"https:\/\/seifen-oper.ch\/?product=linke-bazille-erkaltungsbad#primaryimage"},"image":{"@id":"https:\/\/seifen-oper.ch\/?product=linke-bazille-erkaltungsbad#primaryimage"},"thumbnailUrl":"https:\/\/seifen-oper.ch\/wp-content\/uploads\/2019\/06\/bazille.png","datePublished":"2019-06-17T11:38:44+00:00","dateModified":"2025-11-18T15:56:07+00:00","description":"Erk\u00e4ltungsbad, welches Ihnen mit seinen \u00e4therischen \u00d6len \u00a0(Minz\u00f6l, Rosmarin\u00f6l, Eukalyptus\u00f6l, Lavendel\u00f6l) hilft, wieder durchatmen zu k\u00f6nnen","breadcrumb":{"@id":"https:\/\/seifen-oper.ch\/?product=linke-bazille-erkaltungsbad#breadcrumb"},"inLanguage":"de-CH","potentialAction":[{"@type":"ReadAction","target":["https:\/\/seifen-oper.ch\/?product=linke-bazille-erkaltungsbad"]}]},{"@type":"ImageObject","inLanguage":"de-CH","@id":"https:\/\/seifen-oper.ch\/?product=linke-bazille-erkaltungsbad#primaryimage","url":"https:\/\/seifen-oper.ch\/wp-content\/uploads\/2019\/06\/bazille.png","contentUrl":"https:\/\/seifen-oper.ch\/wp-content\/uploads\/2019\/06\/bazille.png","width":1312,"height":1199},{"@type":"BreadcrumbList","@id":"https:\/\/seifen-oper.ch\/?product=linke-bazille-erkaltungsbad#breadcrumb","itemListElement":[{"@type":"ListItem","position":1,"name":"Home","item":"https:\/\/seifen-oper.ch\/"},{"@type":"ListItem","position":2,"name":"Shop","item":"https:\/\/seifen-oper.ch\/?page_id=12"},{"@type":"ListItem","position":3,"name":"&#171;linke Bazille&#187;-Erk\u00e4ltungsbad"}]},{"@type":"WebSite","@id":"https:\/\/seifen-oper.ch\/#website","url":"https:\/\/seifen-oper.ch\/","name":"Seifen Oper GmbH","description":"Kosmetik bester Qualit\u00e4t. Handgefertigt.","publisher":{"@id":"https:\/\/seifen-oper.ch\/#organization"},"potentialAction":[{"@type":"SearchAction","target":{"@type":"EntryPoint","urlTemplate":"https:\/\/seifen-oper.ch\/?s={search_term_string}"},"query-input":{"@type":"PropertyValueSpecification","valueRequired":true,"valueName":"search_term_string"}}],"inLanguage":"de-CH"},{"@type":"Organization","@id":"https:\/\/seifen-oper.ch\/#organization","name":"Seifen Oper GmbH","url":"https:\/\/seifen-oper.ch\/","logo":{"@type":"ImageObject","inLanguage":"de-CH","@id":"https:\/\/seifen-oper.ch\/#\/schema\/logo\/image\/","url":"https:\/\/seifen-oper.ch\/wp-content\/uploads\/2019\/06\/logo.seifen-oper450.txt.1.png","contentUrl":"https:\/\/seifen-oper.ch\/wp-content\/uploads\/2019\/06\/logo.seifen-oper450.txt.1.png","width":1835,"height":1635,"caption":"Seifen Oper GmbH"},"image":{"@id":"https:\/\/seifen-oper.ch\/#\/schema\/logo\/image\/"},"sameAs":["https:\/\/www.facebook.com\/SeifenOperGmbH","https:\/\/www.instagram.com\/explore\/locations\/1028758197\/seifen-oper\/"]}]}},"_links":{"self":[{"href":"https:\/\/seifen-oper.ch\/index.php?rest_route=\/wp\/v2\/product\/1052"}],"collection":[{"href":"https:\/\/seifen-oper.ch\/index.php?rest_route=\/wp\/v2\/product"}],"about":[{"href":"https:\/\/seifen-oper.ch\/index.php?rest_route=\/wp\/v2\/types\/product"}],"wp:featuredmedia":[{"embeddable":true,"href":"https:\/\/seifen-oper.ch\/index.php?rest_route=\/wp\/v2\/media\/3612"}],"wp:attachment":[{"href":"https:\/\/seifen-oper.ch\/index.php?rest_route=%2Fwp%2Fv2%2Fmedia&parent=1052"}],"wp:term":[{"taxonomy":"product_brand","embeddable":true,"href":"https:\/\/seifen-oper.ch\/index.php?rest_route=%2Fwp%2Fv2%2Fproduct_brand&post=1052"},{"taxonomy":"product_cat","embeddable":true,"href":"https:\/\/seifen-oper.ch\/index.php?rest_route=%2Fwp%2Fv2%2Fproduct_cat&post=1052"},{"taxonomy":"product_tag","embeddable":true,"href":"https:\/\/seifen-oper.ch\/index.php?rest_route=%2Fwp%2Fv2%2Fproduct_tag&post=1052"}],"curies":[{"name":"wp","href":"https:\/\/api.w.org\/{rel}","templated":true}]}}