{"id":1031,"date":"2019-06-17T11:38:40","date_gmt":"2019-06-17T11:38:40","guid":{"rendered":"https:\/\/seifen-oper.ch\/?product=milde-kinderseife"},"modified":"2020-12-25T14:26:35","modified_gmt":"2020-12-25T13:26:35","slug":"milde-kinderseife","status":"publish","type":"product","link":"https:\/\/seifen-oper.ch\/?product=milde-kinderseife","title":{"rendered":"&#171;milde Kinderseife&#187;"},"content":{"rendered":"<p style=\"text-align: center;\">Eigentlich reicht es vollkommen, kleine Kinder nur mit Wasser und \u00d6l zu waschen und zu pflegen. Aber sp\u00e4testens, wenn sie zu krabbeln oder zu laufen beginnen, muss man schmutzige H\u00e4ndchen und F\u00fcsschen gr\u00fcndlicher waschen. Hier kommt unsere besonders milde Baby-Seife zum Einsatz! Sie bestehen aus gut vertr\u00e4glichen, pflanzlichen \u00d6len, die eine sehr milde Naturseife ergeben: viel hochwertiges Oliven\u00f6l, reichhaltiges Kokosnuss\u00f6l und Soja und Raps\u00f6l sind die Basis dieser Seife. Sie enth\u00e4lt echte Hafermilch und reinigt die Haut dadurch besonders sanft und h\u00e4lt sie geschmeidig. Sie reguliert die Feuchtigkeit der Haut und sch\u00fctzt sie vor dem Austrocknen. Eine wunderbar cremige, r\u00fcckfettende Seife mit mildem, feinem Schaum und von der Gr\u00f6sse her passt sie auch f\u00fcr kleine H\u00e4ndchen! Der feine Lavendelduft macht Gross und Klein Freude. Bitte beachte, dass sogar die mildeste Naturseifen in den Augen brennen\u2026 Selbstverst\u00e4ndlich sind unsere Baby- Seifen auch f\u00fcr Erwachsene geeignet. Besonderes die Personen mit sehr empfindlicher Haut k\u00f6nnen davon profitieren. Ohne Parabene, k\u00fcnstliche Zus\u00e4tze und Konservierungsstoffe<\/p>\n<p style=\"text-align: center;\">INCI (Inhaltsstoffe): Cocos nucifera (Kokos\u00f6l), Aqua, Glycine soja (Soja\u00f6l), Brassica campestris seed oil (Raps\u00f6l), Olea Europaea (Oliven\u00f6l), Sodium Hydroxide (NaOH),\u00a0Avena Sativa Kernel Extract (Hafermilch),\u00a0Lavandula angustifolia Oil (\u00e4th. Lavendel\u00f6l)<\/p>\n<p style=\"text-align: center;\">ca 80g \/ Sfr. 12.-<\/p>\n<style type=\"text\/css\"><!-- p.p1 {margin: 0.0px 0.0px 0.0px 0.0px; font: 15.0px 'Noteworthy Light'} --><\/style>\n<style type=\"text\/css\"><!-- p.p1 {margin: 0.0px 0.0px 0.0px 0.0px; font: 15.0px 'Noteworthy Light'} --><\/style>\n","protected":false},"excerpt":{"rendered":"<p>besonders milde Seife mit Hafermilch und vielen pflegenden pflanzlichen \u00d6len f\u00fcr die besonders milde Reinigung von Babys und Kleinkindern. Himmlischer, beruhigender Lavendelduft.<\/p>\n","protected":false},"featured_media":1657,"template":"","meta":[],"product_brand":[],"product_cat":[17,42],"product_tag":[],"class_list":{"0":"post-1031","1":"product","2":"type-product","3":"status-publish","4":"has-post-thumbnail","6":"product_cat-seifen","7":"product_cat-kids","9":"first","10":"instock","11":"shipping-taxable","12":"purchasable","13":"product-type-simple"},"yoast_head":"<!-- This site is optimized with the Yoast SEO plugin v25.6 - https:\/\/yoast.com\/wordpress\/plugins\/seo\/ -->\n<title>&quot;milde Kinderseife&quot; - Seifen Oper GmbH<\/title>\n<meta name=\"robots\" content=\"index, follow, max-snippet:-1, max-image-preview:large, max-video-preview:-1\" \/>\n<link rel=\"canonical\" href=\"https:\/\/seifen-oper.ch\/?product=milde-kinderseife\" \/>\n<meta property=\"og:locale\" content=\"de_DE\" \/>\n<meta property=\"og:type\" content=\"article\" \/>\n<meta property=\"og:title\" content=\"&quot;milde Kinderseife&quot; - Seifen Oper GmbH\" \/>\n<meta property=\"og:description\" content=\"besonders milde Seife mit Hafermilch und vielen pflegenden pflanzlichen \u00d6len f\u00fcr die besonders milde Reinigung von Babys und Kleinkindern. Himmlischer, beruhigender Lavendelduft.\" \/>\n<meta property=\"og:url\" content=\"https:\/\/seifen-oper.ch\/?product=milde-kinderseife\" \/>\n<meta property=\"og:site_name\" content=\"Seifen Oper GmbH\" \/>\n<meta property=\"article:publisher\" content=\"https:\/\/www.facebook.com\/SeifenOperGmbH\" \/>\n<meta property=\"article:modified_time\" content=\"2020-12-25T13:26:35+00:00\" \/>\n<meta property=\"og:image\" content=\"https:\/\/seifen-oper.ch\/wp-content\/uploads\/2019\/06\/Kinderseife-Lavendel-Foto.png\" \/>\n\t<meta property=\"og:image:width\" content=\"1187\" \/>\n\t<meta property=\"og:image:height\" content=\"1208\" \/>\n\t<meta property=\"og:image:type\" content=\"image\/png\" \/>\n<meta name=\"twitter:card\" content=\"summary_large_image\" \/>\n<meta name=\"twitter:label1\" content=\"Gesch\u00e4tzte Lesezeit\" \/>\n\t<meta name=\"twitter:data1\" content=\"1 Minute\" \/>\n<script type=\"application\/ld+json\" class=\"yoast-schema-graph\">{\"@context\":\"https:\/\/schema.org\",\"@graph\":[{\"@type\":\"WebPage\",\"@id\":\"https:\/\/seifen-oper.ch\/?product=milde-kinderseife\",\"url\":\"https:\/\/seifen-oper.ch\/?product=milde-kinderseife\",\"name\":\"\\\"milde Kinderseife\\\" - Seifen Oper GmbH\",\"isPartOf\":{\"@id\":\"https:\/\/seifen-oper.ch\/#website\"},\"primaryImageOfPage\":{\"@id\":\"https:\/\/seifen-oper.ch\/?product=milde-kinderseife#primaryimage\"},\"image\":{\"@id\":\"https:\/\/seifen-oper.ch\/?product=milde-kinderseife#primaryimage\"},\"thumbnailUrl\":\"https:\/\/seifen-oper.ch\/wp-content\/uploads\/2019\/06\/Kinderseife-Lavendel-Foto.png\",\"datePublished\":\"2019-06-17T11:38:40+00:00\",\"dateModified\":\"2020-12-25T13:26:35+00:00\",\"breadcrumb\":{\"@id\":\"https:\/\/seifen-oper.ch\/?product=milde-kinderseife#breadcrumb\"},\"inLanguage\":\"de-CH\",\"potentialAction\":[{\"@type\":\"ReadAction\",\"target\":[\"https:\/\/seifen-oper.ch\/?product=milde-kinderseife\"]}]},{\"@type\":\"ImageObject\",\"inLanguage\":\"de-CH\",\"@id\":\"https:\/\/seifen-oper.ch\/?product=milde-kinderseife#primaryimage\",\"url\":\"https:\/\/seifen-oper.ch\/wp-content\/uploads\/2019\/06\/Kinderseife-Lavendel-Foto.png\",\"contentUrl\":\"https:\/\/seifen-oper.ch\/wp-content\/uploads\/2019\/06\/Kinderseife-Lavendel-Foto.png\",\"width\":1187,\"height\":1208},{\"@type\":\"BreadcrumbList\",\"@id\":\"https:\/\/seifen-oper.ch\/?product=milde-kinderseife#breadcrumb\",\"itemListElement\":[{\"@type\":\"ListItem\",\"position\":1,\"name\":\"Home\",\"item\":\"https:\/\/seifen-oper.ch\/\"},{\"@type\":\"ListItem\",\"position\":2,\"name\":\"Shop\",\"item\":\"https:\/\/seifen-oper.ch\/?page_id=12\"},{\"@type\":\"ListItem\",\"position\":3,\"name\":\"&#171;milde Kinderseife&#187;\"}]},{\"@type\":\"WebSite\",\"@id\":\"https:\/\/seifen-oper.ch\/#website\",\"url\":\"https:\/\/seifen-oper.ch\/\",\"name\":\"Seifen Oper GmbH\",\"description\":\"Kosmetik bester Qualit\u00e4t. Handgefertigt.\",\"publisher\":{\"@id\":\"https:\/\/seifen-oper.ch\/#organization\"},\"potentialAction\":[{\"@type\":\"SearchAction\",\"target\":{\"@type\":\"EntryPoint\",\"urlTemplate\":\"https:\/\/seifen-oper.ch\/?s={search_term_string}\"},\"query-input\":{\"@type\":\"PropertyValueSpecification\",\"valueRequired\":true,\"valueName\":\"search_term_string\"}}],\"inLanguage\":\"de-CH\"},{\"@type\":\"Organization\",\"@id\":\"https:\/\/seifen-oper.ch\/#organization\",\"name\":\"Seifen Oper GmbH\",\"url\":\"https:\/\/seifen-oper.ch\/\",\"logo\":{\"@type\":\"ImageObject\",\"inLanguage\":\"de-CH\",\"@id\":\"https:\/\/seifen-oper.ch\/#\/schema\/logo\/image\/\",\"url\":\"https:\/\/seifen-oper.ch\/wp-content\/uploads\/2019\/06\/logo.seifen-oper450.txt.1.png\",\"contentUrl\":\"https:\/\/seifen-oper.ch\/wp-content\/uploads\/2019\/06\/logo.seifen-oper450.txt.1.png\",\"width\":1835,\"height\":1635,\"caption\":\"Seifen Oper GmbH\"},\"image\":{\"@id\":\"https:\/\/seifen-oper.ch\/#\/schema\/logo\/image\/\"},\"sameAs\":[\"https:\/\/www.facebook.com\/SeifenOperGmbH\",\"https:\/\/www.instagram.com\/explore\/locations\/1028758197\/seifen-oper\/\"]}]}<\/script>\n<!-- \/ Yoast SEO plugin. -->","yoast_head_json":{"title":"\"milde Kinderseife\" - Seifen Oper GmbH","robots":{"index":"index","follow":"follow","max-snippet":"max-snippet:-1","max-image-preview":"max-image-preview:large","max-video-preview":"max-video-preview:-1"},"canonical":"https:\/\/seifen-oper.ch\/?product=milde-kinderseife","og_locale":"de_DE","og_type":"article","og_title":"\"milde Kinderseife\" - Seifen Oper GmbH","og_description":"besonders milde Seife mit Hafermilch und vielen pflegenden pflanzlichen \u00d6len f\u00fcr die besonders milde Reinigung von Babys und Kleinkindern. Himmlischer, beruhigender Lavendelduft.","og_url":"https:\/\/seifen-oper.ch\/?product=milde-kinderseife","og_site_name":"Seifen Oper GmbH","article_publisher":"https:\/\/www.facebook.com\/SeifenOperGmbH","article_modified_time":"2020-12-25T13:26:35+00:00","og_image":[{"width":1187,"height":1208,"url":"https:\/\/seifen-oper.ch\/wp-content\/uploads\/2019\/06\/Kinderseife-Lavendel-Foto.png","type":"image\/png"}],"twitter_card":"summary_large_image","twitter_misc":{"Gesch\u00e4tzte Lesezeit":"1 Minute"},"schema":{"@context":"https:\/\/schema.org","@graph":[{"@type":"WebPage","@id":"https:\/\/seifen-oper.ch\/?product=milde-kinderseife","url":"https:\/\/seifen-oper.ch\/?product=milde-kinderseife","name":"\"milde Kinderseife\" - Seifen Oper GmbH","isPartOf":{"@id":"https:\/\/seifen-oper.ch\/#website"},"primaryImageOfPage":{"@id":"https:\/\/seifen-oper.ch\/?product=milde-kinderseife#primaryimage"},"image":{"@id":"https:\/\/seifen-oper.ch\/?product=milde-kinderseife#primaryimage"},"thumbnailUrl":"https:\/\/seifen-oper.ch\/wp-content\/uploads\/2019\/06\/Kinderseife-Lavendel-Foto.png","datePublished":"2019-06-17T11:38:40+00:00","dateModified":"2020-12-25T13:26:35+00:00","breadcrumb":{"@id":"https:\/\/seifen-oper.ch\/?product=milde-kinderseife#breadcrumb"},"inLanguage":"de-CH","potentialAction":[{"@type":"ReadAction","target":["https:\/\/seifen-oper.ch\/?product=milde-kinderseife"]}]},{"@type":"ImageObject","inLanguage":"de-CH","@id":"https:\/\/seifen-oper.ch\/?product=milde-kinderseife#primaryimage","url":"https:\/\/seifen-oper.ch\/wp-content\/uploads\/2019\/06\/Kinderseife-Lavendel-Foto.png","contentUrl":"https:\/\/seifen-oper.ch\/wp-content\/uploads\/2019\/06\/Kinderseife-Lavendel-Foto.png","width":1187,"height":1208},{"@type":"BreadcrumbList","@id":"https:\/\/seifen-oper.ch\/?product=milde-kinderseife#breadcrumb","itemListElement":[{"@type":"ListItem","position":1,"name":"Home","item":"https:\/\/seifen-oper.ch\/"},{"@type":"ListItem","position":2,"name":"Shop","item":"https:\/\/seifen-oper.ch\/?page_id=12"},{"@type":"ListItem","position":3,"name":"&#171;milde Kinderseife&#187;"}]},{"@type":"WebSite","@id":"https:\/\/seifen-oper.ch\/#website","url":"https:\/\/seifen-oper.ch\/","name":"Seifen Oper GmbH","description":"Kosmetik bester Qualit\u00e4t. Handgefertigt.","publisher":{"@id":"https:\/\/seifen-oper.ch\/#organization"},"potentialAction":[{"@type":"SearchAction","target":{"@type":"EntryPoint","urlTemplate":"https:\/\/seifen-oper.ch\/?s={search_term_string}"},"query-input":{"@type":"PropertyValueSpecification","valueRequired":true,"valueName":"search_term_string"}}],"inLanguage":"de-CH"},{"@type":"Organization","@id":"https:\/\/seifen-oper.ch\/#organization","name":"Seifen Oper GmbH","url":"https:\/\/seifen-oper.ch\/","logo":{"@type":"ImageObject","inLanguage":"de-CH","@id":"https:\/\/seifen-oper.ch\/#\/schema\/logo\/image\/","url":"https:\/\/seifen-oper.ch\/wp-content\/uploads\/2019\/06\/logo.seifen-oper450.txt.1.png","contentUrl":"https:\/\/seifen-oper.ch\/wp-content\/uploads\/2019\/06\/logo.seifen-oper450.txt.1.png","width":1835,"height":1635,"caption":"Seifen Oper GmbH"},"image":{"@id":"https:\/\/seifen-oper.ch\/#\/schema\/logo\/image\/"},"sameAs":["https:\/\/www.facebook.com\/SeifenOperGmbH","https:\/\/www.instagram.com\/explore\/locations\/1028758197\/seifen-oper\/"]}]}},"_links":{"self":[{"href":"https:\/\/seifen-oper.ch\/index.php?rest_route=\/wp\/v2\/product\/1031"}],"collection":[{"href":"https:\/\/seifen-oper.ch\/index.php?rest_route=\/wp\/v2\/product"}],"about":[{"href":"https:\/\/seifen-oper.ch\/index.php?rest_route=\/wp\/v2\/types\/product"}],"wp:featuredmedia":[{"embeddable":true,"href":"https:\/\/seifen-oper.ch\/index.php?rest_route=\/wp\/v2\/media\/1657"}],"wp:attachment":[{"href":"https:\/\/seifen-oper.ch\/index.php?rest_route=%2Fwp%2Fv2%2Fmedia&parent=1031"}],"wp:term":[{"taxonomy":"product_brand","embeddable":true,"href":"https:\/\/seifen-oper.ch\/index.php?rest_route=%2Fwp%2Fv2%2Fproduct_brand&post=1031"},{"taxonomy":"product_cat","embeddable":true,"href":"https:\/\/seifen-oper.ch\/index.php?rest_route=%2Fwp%2Fv2%2Fproduct_cat&post=1031"},{"taxonomy":"product_tag","embeddable":true,"href":"https:\/\/seifen-oper.ch\/index.php?rest_route=%2Fwp%2Fv2%2Fproduct_tag&post=1031"}],"curies":[{"name":"wp","href":"https:\/\/api.w.org\/{rel}","templated":true}]}}